{"id":126,"date":"2010-09-16T18:11:35","date_gmt":"2010-09-16T18:11:35","guid":{"rendered":"http:\/\/curitiba.wordcamp.com.br\/"},"modified":"2010-09-16T18:11:35","modified_gmt":"2010-09-16T18:11:35","slug":"local-do-evento","status":"publish","type":"page","link":"https:\/\/curitiba.wordcamp.org\/2010\/local-do-evento\/","title":{"rendered":"Local do Evento"},"content":{"rendered":"<p>A FESP gentilmente cedeu o espa\u00e7o que o WordCamp precisava para acontecer em Curitiba. Localizada na <strong>Rua Dr. Faivre, 141<\/strong>, no Centro, a faculdade fica logo ao lado do chamado &#8220;<em>corredor cultural<\/em>&#8221; da cidade &#8211; espa\u00e7o de seis quadras entre a reitoria e o pr\u00e9dio hist\u00f3rico da UFPR que abriga v\u00e1rios teatros, bares e demais atra\u00e7\u00f5es.<\/p>\n<p style=\"text-align: center;\">\n<p style=\"text-align: center;\">[mappress]<\/p>\n<p>Para este evento ser\u00e1 fornecida a estrutura de audit\u00f3rio, salas, p\u00e1tio e cantina, al\u00e9m do apoio t\u00e9cnico e promocional.<\/p>\n\n\t\t<style type=\"text\/css\">\n\t\t\t#gallery-1 {\n\t\t\t\tmargin: auto;\n\t\t\t}\n\t\t\t#gallery-1 .gallery-item {\n\t\t\t\tfloat: left;\n\t\t\t\tmargin-top: 10px;\n\t\t\t\ttext-align: center;\n\t\t\t\twidth: 25%;\n\t\t\t}\n\t\t\t#gallery-1 img {\n\t\t\t\tborder: 2px solid #cfcfcf;\n\t\t\t}\n\t\t\t#gallery-1 .gallery-caption {\n\t\t\t\tmargin-left: 0;\n\t\t\t}\n\t\t\t\/* see gallery_shortcode() in wp-includes\/media.php *\/\n\t\t<\/style>\n\t\t<div id='gallery-1' class='gallery galleryid-126 gallery-columns-4 gallery-size-thumbnail'><dl class='gallery-item'>\n\t\t\t<dt class='gallery-icon landscape'>\n\t\t\t\t<a href='https:\/\/curitiba.wordcamp.org\/2010\/local-do-evento\/conv-dscf0108\/'><img loading=\"lazy\" decoding=\"async\" width=\"150\" height=\"150\" src=\"https:\/\/curitiba.wordcamp.org\/2010\/files\/2010\/09\/conv-DSCF0108-150x150.jpg\" class=\"attachment-thumbnail size-thumbnail\" alt=\"\" \/><\/a>\n\t\t\t<\/dt><\/dl><dl class='gallery-item'>\n\t\t\t<dt class='gallery-icon landscape'>\n\t\t\t\t<a href='https:\/\/curitiba.wordcamp.org\/2010\/local-do-evento\/conv-dscf0105\/'><img loading=\"lazy\" decoding=\"async\" width=\"150\" height=\"150\" src=\"https:\/\/curitiba.wordcamp.org\/2010\/files\/2010\/09\/conv-DSCF0105-150x150.jpg\" class=\"attachment-thumbnail size-thumbnail\" alt=\"\" \/><\/a>\n\t\t\t<\/dt><\/dl><dl class='gallery-item'>\n\t\t\t<dt class='gallery-icon landscape'>\n\t\t\t\t<a href='https:\/\/curitiba.wordcamp.org\/2010\/local-do-evento\/topo_foto_fesp-2\/'><img loading=\"lazy\" decoding=\"async\" width=\"150\" height=\"150\" src=\"https:\/\/curitiba.wordcamp.org\/2010\/files\/2010\/09\/topo_foto_fesp1-150x150.gif\" class=\"attachment-thumbnail size-thumbnail\" alt=\"\" \/><\/a>\n\t\t\t<\/dt><\/dl>\n\t\t\t<br style='clear: both' \/>\n\t\t<\/div>\n\n<p><a href=\"..\/wp-content\/uploads\/2010\/09\/topo_foto_fesp.gif\"><br \/>\n<\/a>A FESP \u00e9 uma faculdade com\u00a070 anos de  hist\u00f3ria. Durante todo esse  per\u00edodo procurou aliar modernidade com  tradi\u00e7\u00e3o, buscando o que h\u00e1 de  melhor em ensino de qualidade. Al\u00e9m de um corpo docente competente, a  Institui\u00e7\u00e3o preza por sua estrutura f\u00edsica.  Recentemente, a faculdade  passou por uma grande reforma, transformando  salas de aulas,  laborat\u00f3rios, biblioteca, cantina, audit\u00f3rio em um  grande centro  universit\u00e1rio com o objetivo de potencializar a qualidade  no ensino  superior.<\/p>\n<p>Mais sobre Curitiba? Veja o <a href=\"..\/guia-de-sobrevivencia\/\">Guia de Sobreviv\u00eancia<\/a>.<\/p>\n","protected":false},"excerpt":{"rendered":"<p>A FESP gentilmente cedeu o espa\u00e7o que o WordCamp precisava para acontecer em Curitiba. Localizada na Rua Dr. Faivre, 141, no Centro, a faculdade fica logo ao lado do chamado &#8220;corredor cultural&#8221; da cidade &#8211; espa\u00e7o de seis quadras entre &hellip; <a href=\"https:\/\/curitiba.wordcamp.org\/2010\/local-do-evento\/\">Continue reading <span class=\"screen-reader-text\">Local do Evento<\/span>  <span class=\"meta-nav\">&rarr;<\/span><\/a><\/p>\n","protected":false},"author":7285786,"featured_media":0,"parent":0,"menu_order":0,"comment_status":"open","ping_status":"open","template":"","meta":{"jetpack_post_was_ever_published":false,"footnotes":""},"class_list":["post-126","page","type-page","status-publish","hentry"],"jetpack_shortlink":"https:\/\/wp.me\/P22H13-22","jetpack_sharing_enabled":true,"_links":{"self":[{"href":"https:\/\/curitiba.wordcamp.org\/2010\/wp-json\/wp\/v2\/pages\/126","targetHints":{"allow":["GET"]}}],"collection":[{"href":"https:\/\/curitiba.wordcamp.org\/2010\/wp-json\/wp\/v2\/pages"}],"about":[{"href":"https:\/\/curitiba.wordcamp.org\/2010\/wp-json\/wp\/v2\/types\/page"}],"author":[{"embeddable":true,"href":"https:\/\/curitiba.wordcamp.org\/2010\/wp-json\/wp\/v2\/users\/7285786"}],"replies":[{"embeddable":true,"href":"https:\/\/curitiba.wordcamp.org\/2010\/wp-json\/wp\/v2\/comments?post=126"}],"version-history":[{"count":0,"href":"https:\/\/curitiba.wordcamp.org\/2010\/wp-json\/wp\/v2\/pages\/126\/revisions"}],"wp:attachment":[{"href":"https:\/\/curitiba.wordcamp.org\/2010\/wp-json\/wp\/v2\/media?parent=126"}],"curies":[{"name":"wp","href":"https:\/\/api.w.org\/{rel}","templated":true}]}}