{"id":17,"date":"2010-09-06T02:20:54","date_gmt":"2010-09-06T02:20:54","guid":{"rendered":"http:\/\/localhost\/wordcamp\/?page_id=17"},"modified":"2010-09-06T02:20:54","modified_gmt":"2010-09-06T02:20:54","slug":"apoiadores","status":"publish","type":"page","link":"https:\/\/curitiba.wordcamp.org\/2010\/apoiadores\/","title":{"rendered":"Apoiadores"},"content":{"rendered":"<p><a title=\"Faculdade de Educa\u00e7\u00e3o Superior do Paran\u00e1\" href=\"http:\/\/www.fesppr.br\/site\/\"><img loading=\"lazy\" decoding=\"async\" class=\"alignnone size-full wp-image-174\" src=\"https:\/\/2010.curitiba.wordcamp.org\/files\/2010\/09\/logo-fesp.png\" alt=\"\" width=\"88\" height=\"110\" \/><\/a><\/p>\n<p><a title=\"Ethymos Solu\u00e7\u00f5es em Web\" href=\"http:\/\/ethymos.com.br\/\"><img loading=\"lazy\" decoding=\"async\" class=\"alignnone size-full wp-image-212\" title=\"logo-ethymos\" src=\"https:\/\/2010.curitiba.wordcamp.org\/files\/2010\/09\/logo-ethymos.png\" alt=\"\" width=\"60\" height=\"47\" \/><\/a><a title=\"Ag\u00eancia PontoCom\" href=\"http:\/\/agenciadeinternet.com\/\"><img loading=\"lazy\" decoding=\"async\" src=\"https:\/\/2010.curitiba.wordcamp.org\/files\/2010\/09\/logo-pontocom.png\" alt=\"\" title=\"logo-pontocom\" width=\"40\" height=\"39\" class=\"alignnone size-full wp-image-218\" \/><\/a><a title=\"Hacklab\" href=\"http:\/\/hacklab.com.br\/\"><img loading=\"lazy\" decoding=\"async\" src=\"https:\/\/2010.curitiba.wordcamp.org\/files\/2010\/09\/logo-hacklab.png\" alt=\"\" title=\"logo-hacklab\" width=\"70\" height=\"14\" class=\"alignnone size-full wp-image-220\" \/><\/a><a title=\"Soylocoporti\" href=\"http:\/\/soylocoporti.org.br\"><img loading=\"lazy\" decoding=\"async\" src=\"https:\/\/2010.curitiba.wordcamp.org\/files\/2010\/09\/logo-soylocoporti.png\" alt=\"\" title=\"logo-soylocoporti\" width=\"40\" height=\"58\" class=\"alignnone size-full wp-image-222\" \/><\/a><\/p>\n","protected":false},"excerpt":{"rendered":"","protected":false},"author":7285786,"featured_media":0,"parent":0,"menu_order":0,"comment_status":"open","ping_status":"open","template":"","meta":{"jetpack_post_was_ever_published":false,"footnotes":""},"class_list":["post-17","page","type-page","status-publish","hentry"],"jetpack_shortlink":"https:\/\/wp.me\/P22H13-h","jetpack_sharing_enabled":true,"_links":{"self":[{"href":"https:\/\/curitiba.wordcamp.org\/2010\/wp-json\/wp\/v2\/pages\/17","targetHints":{"allow":["GET"]}}],"collection":[{"href":"https:\/\/curitiba.wordcamp.org\/2010\/wp-json\/wp\/v2\/pages"}],"about":[{"href":"https:\/\/curitiba.wordcamp.org\/2010\/wp-json\/wp\/v2\/types\/page"}],"author":[{"embeddable":true,"href":"https:\/\/curitiba.wordcamp.org\/2010\/wp-json\/wp\/v2\/users\/7285786"}],"replies":[{"embeddable":true,"href":"https:\/\/curitiba.wordcamp.org\/2010\/wp-json\/wp\/v2\/comments?post=17"}],"version-history":[{"count":0,"href":"https:\/\/curitiba.wordcamp.org\/2010\/wp-json\/wp\/v2\/pages\/17\/revisions"}],"wp:attachment":[{"href":"https:\/\/curitiba.wordcamp.org\/2010\/wp-json\/wp\/v2\/media?parent=17"}],"curies":[{"name":"wp","href":"https:\/\/api.w.org\/{rel}","templated":true}]}}