{"id":24,"date":"2010-09-06T02:49:09","date_gmt":"2010-09-06T02:49:09","guid":{"rendered":"http:\/\/localhost\/wordcamp\/?page_id=24"},"modified":"2010-09-06T02:49:09","modified_gmt":"2010-09-06T02:49:09","slug":"conheca-o-wordpress","status":"publish","type":"page","link":"https:\/\/curitiba.wordcamp.org\/2010\/conheca-o-wordpress\/","title":{"rendered":"Conhe\u00e7a o WordPress"},"content":{"rendered":"<p>N\u00f3s podemos dizer por experi\u00eancia: O WordPress \u00e9 uma ferramenta maravilhosa. E agora queremos te convencer do mesmo, seja voc\u00ea um desenvolvedor, designer, blogueiro ou usu\u00e1rio de internet. Vamos por partes:<\/p>\n<p style=\"text-align: center;\"><a href=\"https:\/\/2010.curitiba.wordcamp.org\/files\/2010\/09\/wordpress-mug.jpg\"><img loading=\"lazy\" decoding=\"async\" class=\"alignnone size-full wp-image-61\" title=\"wordpress-mug\" src=\"https:\/\/2010.curitiba.wordcamp.org\/files\/2010\/09\/wordpress-mug.jpg\" alt=\"\" width=\"455\" height=\"304\" srcset=\"https:\/\/curitiba.wordcamp.org\/2010\/files\/2010\/09\/wordpress-mug.jpg 455w, https:\/\/curitiba.wordcamp.org\/2010\/files\/2010\/09\/wordpress-mug-300x200.jpg 300w\" sizes=\"auto, (max-width: 455px) 100vw, 455px\" \/><\/a><\/p>\n<h3>O que \u00e9 WordPress?<\/h3>\n<p>Como diz a descri\u00e7\u00e3o padr\u00e3o no <a href=\"http:\/\/br.wordpress.org\">site oficial<\/a>, o WordPress \u00e9 a ferramenta que voc\u00ea usa quando quer trabalhar, e n\u00e3o lutar com o seu software de publica\u00e7\u00e3o na web. Trata-se de uma plataforma para a manuten\u00e7\u00e3o de um website, blog, portal e muitas outras solu\u00e7\u00f5es de m\u00eddia na web. Existem v\u00e1rias defini\u00e7\u00f5es sobre o que \u00e9 o WordPress, mas uma boa defini\u00e7\u00e3o \u00e9 &#8220;gerenciador de conte\u00fado&#8221;.<\/p>\n<p>Com ele as pessoas podem gerenciar de maneira f\u00e1cil e intuitiva todo o conte\u00fado de um site da internet, trabalhando com fotos, v\u00eddeos, importa\u00e7\u00f5es e mais uma infinidade de atividades. Ent\u00e3o, se voc\u00ea gosta, trabalha ou se interessa por web, com certeza vai gostar de conhecer o WordPress.<\/p>\n<h3>Este WordPress \u00e9 o mesmo daquele site WordPress.com?<\/h3>\n<p>Sim, e n\u00e3o&#8230;<\/p>\n<p>WordPress \u00e9 um software, um conjunto de c\u00f3digos em PHP feito para ser instalado em qualquer lugar. O site <a href=\"http:\/\/wordpress.com\">WordPress.com <\/a>\u00e9 uma instala\u00e7\u00e3o que leva tamb\u00e9m o nome da ferramenta, mas funciona mais como uma hospedagem. Voc\u00ea pode ir l\u00e1 e criar um blog para voc\u00ea, assim como tamb\u00e9m pode acessar um outro site, o <a href=\"http:\/\/wordpress.org\">WordPress.org<\/a> para baixar este software e instal\u00e1-lo em seu servidor<\/p>\n<h3>Ouvi dizer que s\u00f3 serve para blogs&#8230;<\/h3>\n<p>\u00c9 verdade que um dos pontos fortes do WordPress \u00e9 tocar blogs, mas defini-lo como &#8220;gerenciador de blogs&#8221; seria subestimar muito a sua capacidade. Talvez este seja um estigma trazido do site WordPress.com, onde principalmente blogs pessoais s\u00e3o hospedados, similarmente ao servi\u00e7o Blogspot.<\/p>\n<p>O fato \u00e9 que o WordPress \u00e9 excelente para qualquer tipo de disponibiliza\u00e7\u00e3o de conte\u00fado. Grandes portais, sites pequenos, sistemas, cat\u00e1logos e conte\u00fado para celular se d\u00e3o muito bem com ele. Se voc\u00ea relaciona o WordPress com blogs, iria se surpreender em ver o que ele pode fazer.<\/p>\n<h3>Quem desenvolve?<\/h3>\n<p>O WordPress \u00e9 um software livre licenciado sob a <a href=\"http:\/\/www.gnu.org\/licenses\/gpl.html\">GPL<\/a>. Isso quer dizer que ele \u00e9 muito mais do que de gra\u00e7a. Ele \u00e9 liberado para que qualquer pessoa com uma certa no\u00e7\u00e3o t\u00e9cnica possa instal\u00e1-lo, modific\u00e1-lo e comercializ\u00e1-lo \u00e0 vontade.<\/p>\n<p>Quem mant\u00e9m o WordPress \u00e9 uma comunidade de desenvolvedores. Aqui no Brasil n\u00f3s nos chamamos de WordPress-BR, mas isso j\u00e1 \u00e9 um papo <a href=\"http:\/\/curitiba.wordcamp.com.br\/comunidade-wordpress-br\/\">para uma outra p\u00e1gina<\/a> deste site.<\/p>\n<h3>Mas afinal, por que ele \u00e9 t\u00e3o legal assim?<\/h3>\n<p>Existem v\u00e1rios motivos. Alguns voc\u00ea j\u00e1 sabe, como o fato de ele ser livre e servir para v\u00e1rias coisas. Agora podemos focar em duas caracter\u00edsticas muito fortes dele: <strong>Desenvolvimento e usabilidade<\/strong>.<\/p>\n<p>Em termos mais t\u00e9cnicos, o desenvolvimento de sistemas web com o WordPress \u00e9 muito facilitado para pessoas dos mais diversos n\u00edveis t\u00e9cnicos. O padr\u00e3o de desenvolvimento dele \u00e9 inteligente, e deixa que mais pessoas possam introduzir melhorias e funcionalidades extras em forma de &#8220;plugins&#8221;. Existem mais de <a href=\"http:\/\/wordpress.org\/extend\/plugins\/\">11.000 plugins do WordPress<\/a> dispon\u00edves em seu site principal que servem para as mais variadas coisas, desde montar uma loja online at\u00e9 um site de podcasts.<\/p>\n<p>Agora, falando sobre o usu\u00e1rio, o que mais interessa no WordPress \u00e9 que ele \u00e9 f\u00e1cil de usar. Qualquer pessoa que n\u00e3o conhece a ferramenta pode aprend\u00ea-la em quest\u00e3o de minutos e sair trabalhando em sites grandes e complexos sem muita dificuldade. Muitos estudos de interface foram feitos para chegar ao que o WordPress \u00e9 hoje. Os padr\u00f5es de design seguidos fazem com que a interface administrativa seja bonita e intuitiva, al\u00e9m de aliar diversas ferramentas relacionadas \u00e0 produ\u00e7\u00e3o de conte\u00fado de maneira agrad\u00e1vel.<\/p>\n<h3>At\u00e9 que gostei&#8230; como posso saber mais?<\/h3>\n<p>Olha&#8230; agora voc\u00ea vai ter que ir para o <a href=\"http:\/\/curitiba.wordcamp.com.br\/\">WordCamp<\/a>. Da\u00ed vai poder conversar com gente que entende bem da coisa.<\/p>\n<p>Enquanto isso, na p\u00e1gina oficial do WordPress existe uma <a href=\"http:\/\/codex.wordpress.org\/\">extensa se\u00e7\u00e3o de documenta\u00e7\u00e3o<\/a> chamada &#8220;Codex&#8221;, que ensina como se fazer quase de tudo.<\/p>\n","protected":false},"excerpt":{"rendered":"<p>N\u00f3s podemos dizer por experi\u00eancia: O WordPress \u00e9 uma ferramenta maravilhosa. E agora queremos te convencer do mesmo, seja voc\u00ea um desenvolvedor, designer, blogueiro ou usu\u00e1rio de internet. Vamos por partes: O que \u00e9 WordPress? Como diz a descri\u00e7\u00e3o padr\u00e3o &hellip; <a href=\"https:\/\/curitiba.wordcamp.org\/2010\/conheca-o-wordpress\/\">Continue reading <span class=\"screen-reader-text\">Conhe\u00e7a o WordPress<\/span>  <span class=\"meta-nav\">&rarr;<\/span><\/a><\/p>\n","protected":false},"author":7285786,"featured_media":0,"parent":0,"menu_order":0,"comment_status":"open","ping_status":"open","template":"","meta":{"jetpack_post_was_ever_published":false,"footnotes":""},"class_list":["post-24","page","type-page","status-publish","hentry"],"jetpack_shortlink":"https:\/\/wp.me\/P22H13-o","jetpack_sharing_enabled":true,"_links":{"self":[{"href":"https:\/\/curitiba.wordcamp.org\/2010\/wp-json\/wp\/v2\/pages\/24","targetHints":{"allow":["GET"]}}],"collection":[{"href":"https:\/\/curitiba.wordcamp.org\/2010\/wp-json\/wp\/v2\/pages"}],"about":[{"href":"https:\/\/curitiba.wordcamp.org\/2010\/wp-json\/wp\/v2\/types\/page"}],"author":[{"embeddable":true,"href":"https:\/\/curitiba.wordcamp.org\/2010\/wp-json\/wp\/v2\/users\/7285786"}],"replies":[{"embeddable":true,"href":"https:\/\/curitiba.wordcamp.org\/2010\/wp-json\/wp\/v2\/comments?post=24"}],"version-history":[{"count":0,"href":"https:\/\/curitiba.wordcamp.org\/2010\/wp-json\/wp\/v2\/pages\/24\/revisions"}],"wp:attachment":[{"href":"https:\/\/curitiba.wordcamp.org\/2010\/wp-json\/wp\/v2\/media?parent=24"}],"curies":[{"name":"wp","href":"https:\/\/api.w.org\/{rel}","templated":true}]}}