{"id":244,"date":"2010-09-28T19:55:05","date_gmt":"2010-09-28T19:55:05","guid":{"rendered":"http:\/\/curitiba.wordcamp.com.br\/"},"modified":"2010-09-28T19:55:05","modified_gmt":"2010-09-28T19:55:05","slug":"guia-de-sobrevivencia","status":"publish","type":"page","link":"https:\/\/curitiba.wordcamp.org\/2010\/guia-de-sobrevivencia\/","title":{"rendered":"Guia de Sobreviv\u00eancia em Curitiba"},"content":{"rendered":"<h1>Endere\u00e7o da FESP<\/h1>\n<p><strong>Rua Dr. Faivre, 141, Centro.<br \/>\n<\/strong><\/p>\n<p>A Dr. Faivre \u00e9 uma rua comprida que come\u00e7a na rodovi\u00e1ria e termina na FESP, de <a href=\"http:\/\/curitiba.wordcamp.com.br\/local-do-evento\/\">f\u00e1cil localiza\u00e7\u00e3o<\/a>.<\/p>\n<p><strong>Pontos de refer\u00eancia:<\/strong><\/p>\n<ul>\n<li>1 quadra da Reitoria da UFPR;<\/li>\n<li>2 quadras do C\u00edrculo Militar;<\/li>\n<li>4 quadras do Teatro Gua\u00edra, da Pra\u00e7a Santos Andrade, e do pr\u00e9dio hist\u00f3rico da UFPR.<\/li>\n<\/ul>\n<h1>Para quem vem de avi\u00e3o<\/h1>\n<p><strong>Linha Aeroporto (R$2,20):<\/strong> No andar t\u00e9rreo do aeroporto h\u00e1 um tubo para pegar  um \u00f4nibus cinza da linha &#8220;Aeroporto&#8221;. Esta linha vai para o centro da cidade. A esta\u00e7\u00e3o mais pr\u00f3xima \u00e0 FESP e seus hot\u00e9is \u00e9 o &#8220;C\u00edrculo Militar&#8221;. Hor\u00e1rios dispon\u00edveis <a href=\"http:\/\/www.urbs.curitiba.pr.gov.br\/PORTAL\/tabelahorario\/\">aqui<\/a> (pesquisar AEROPORTO).<\/p>\n<p style=\"text-align: center;\"><a href=\"https:\/\/2010.curitiba.wordcamp.org\/files\/2010\/09\/Ligeirinho2.jpg\"><img loading=\"lazy\" decoding=\"async\" class=\"size-medium wp-image-250 aligncenter\" title=\"\u00d4nibus Ligeirinho de Curitiba\" src=\"https:\/\/2010.curitiba.wordcamp.org\/files\/2010\/09\/Ligeirinho2-300x148.jpg\" alt=\"\" width=\"300\" height=\"148\" srcset=\"https:\/\/curitiba.wordcamp.org\/2010\/files\/2010\/09\/Ligeirinho2-300x148.jpg 300w, https:\/\/curitiba.wordcamp.org\/2010\/files\/2010\/09\/Ligeirinho2-1024x505.jpg 1024w, https:\/\/curitiba.wordcamp.org\/2010\/files\/2010\/09\/Ligeirinho2.jpg 1250w\" sizes=\"auto, (max-width: 300px) 100vw, 300px\" \/><\/a><\/p>\n<p><strong>Linha Aeroporto Executivo (R$8,00):<\/strong> Micro\u00f4nibus com ponto &#8220;Teatro Gua\u00edra&#8221; como mais pr\u00f3ximo \u00e0 FESP, somente a uma quadra do &#8220;C\u00edrculo Militar&#8221;. Hor\u00e1rios e outras informa\u00e7\u00f5es dispon\u00edveis <a href=\"http:\/\/www.aeroportoexecutivo.com.br\/\">aqui<\/a>.<\/p>\n<p><strong>T\u00e1xi (cerca de R$50):<\/strong> Telefone da R\u00e1dio T\u00e1xi Curitiba: 41 3376 7676<\/p>\n<h1>Para quem vem de \u00f4nibus<\/h1>\n<p><strong>A p\u00e9:<\/strong> A Esta\u00e7\u00e3o Rodovi\u00e1ria de Curitiba fica somente a 20 minutos de caminhada da FESP em linha reta. Veja o <a href=\"http:\/\/maps.google.com\/maps?f=d&amp;source=s_d&amp;saddr=esta%C3%A7%C3%A3o+rodovi%C3%A1ria+curitiba&amp;daddr=fesp&amp;hl=en&amp;geocode=FWvie_4duGMQ_SG0q2FA9iQ_5g%3BFSENfP4dpFAQ_SHejR7jwJuC3SnLn6tOPuTclDFlqo5BrLSV4g&amp;mra=ltm&amp;dirflg=w&amp;sll=-25.429135,-49.26174&amp;sspn=0.019107,0.027509&amp;ie=UTF8&amp;ll=-25.430059,-49.259734&amp;spn=0.019107,0.027509&amp;z=15\">mapa<\/a>.<\/p>\n<p><strong>Linha Circular Centro (R$1,20):<\/strong> Um micro\u00f4nibus branco que circula o Centro de Curitiba em sentidos hor\u00e1rio e anti-hor\u00e1rio. Ele tem um ponto na Rodovi\u00e1ria e outro ponto no Teatro Gua\u00edra.<\/p>\n<p style=\"text-align: center;\"><a href=\"https:\/\/2010.curitiba.wordcamp.org\/files\/2010\/09\/circular-centro.jpg\"><img loading=\"lazy\" decoding=\"async\" class=\"size-medium wp-image-252 aligncenter\" title=\"\u00d4nibus Circular Centro de Curitiba\" src=\"https:\/\/2010.curitiba.wordcamp.org\/files\/2010\/09\/circular-centro-300x199.jpg\" alt=\"\" width=\"300\" height=\"199\" srcset=\"https:\/\/curitiba.wordcamp.org\/2010\/files\/2010\/09\/circular-centro-300x199.jpg 300w, https:\/\/curitiba.wordcamp.org\/2010\/files\/2010\/09\/circular-centro.jpg 398w\" sizes=\"auto, (max-width: 300px) 100vw, 300px\" \/><\/a><\/p>\n<p><strong>T\u00e1xi (cerca de R$15): <\/strong>Telefone da R\u00e1dio T\u00e1xi Curitiba: 41 3376 7676<\/p>\n<h1>Para quem vai dormir<\/h1>\n<p>Hot\u00e9is pr\u00f3ximos \u00e0 FESP:<\/p>\n<p><a href=\"http:\/\/www.altareggia.com.br\/\">Hotel Alta R\u00e9gia<\/a><br \/>\nEmail: altareggia@altareggia.com.br<br \/>\n41 3026-3223<a href=\"http:\/\/www.hoteiselo.com.br\/\"><\/a><\/p>\n<p><a href=\"http:\/\/www.deville.com.br\/home\/home.aspx\">Hotel Deville Express<\/a><br \/>\nContato via site<br \/>\nDi\u00e1ria Simples: R$86<br \/>\nDi\u00e1ria Dupla: R$100<br \/>\nDi\u00e1ria Tripla: R$128<\/p>\n<p><a href=\"http:\/\/www.hoteiselo.com.br\/\">Hotel Elo<\/a><br \/>\ninn@hoteiselo.com.br<br \/>\n41 3025-9400<br \/>\nDi\u00e1ria Simples: R$94<br \/>\nDi\u00e1ria Dupla: R$115<br \/>\nDi\u00e1ria Tripla: R$133<\/p>\n<p><a href=\"http:\/\/www.formule1.com.br\/formule1\/ficha.aspx?h=205\">Formule 1<br \/>\n<\/a>Di\u00e1rias Simples, Dupla e Tripla: R$79<br \/>\nRua <a href=\"http:\/\/maps.google.com\/maps?f=q&amp;source=s_q&amp;hl=pt-BR&amp;geocode=&amp;q=hotel+formula+1&amp;sll=-25.435214,-49.259734&amp;sspn=0.01775,0.038581&amp;ie=UTF8&amp;hq=hotel+formula+1&amp;hnear=&amp;ll=-25.431144,-49.255142&amp;spn=0.016782,0.038581&amp;z=15&amp;iwloc=A\">Mariano Torres, 927<\/a> &#8211; Centro<br \/>\n(41) 3218-3838<br \/>\n<strong>Para quem vem de \u00f4nibus do aeroporto: <\/strong>descer na esta\u00e7\u00e3o rodoferrovi\u00e1ria e andar uma quadra pela Mariano Torres. Se pegar o \u00f4nibus executivo aeroporto, ele p\u00e1ra na frente do hotel.<br \/>\n<strong>Para quem chega em Curitiba de \u00f4nibus:<\/strong> Sair da rodovi\u00e1ria em dire\u00e7\u00e3o a Rua Mariano Torres e andar por volta de quatro quadras at\u00e9 o hotel.<\/p>\n<p><a href=\"http:\/\/www.goldenstar.com.br\/\">Golden Star Hotel<\/a><br \/>\ngoldenstar@goldenstar.com.br<br \/>\n41 3888-7888<br \/>\nDi\u00e1ria Simples: R$115<br \/>\nDi\u00e1ria Dupla: R$136<br \/>\nDi\u00e1ria Tripla: R$161<\/p>\n<p><a href=\"http:\/\/www.hotellumini.com.br\/\">Hotel Lumini<\/a><br \/>\ncontato@hotellumini.com.br<br \/>\n41 3264 5244<\/p>\n<p><a href=\"http:\/\/www.hotelohara.com.br\/\">Hotel O&#8217;Hara<\/a><br \/>\nhotelohara@hotelohara.com.br<br \/>\n41 3232-6044<\/p>\n<p><a href=\"http:\/\/www.hotelroochelle.com.br\/novo\/index.htm\">Hotel Rochelle<\/a><br \/>\nreservas@hotelroochelle.com.br<br \/>\n41 2103-1100<\/p>\n<p><a href=\"http:\/\/www.hotelslaviero.com.br\/hoteis\/hoteis_slim.asp?pagina=hoteis\">Hotel Slaviero<\/a><br \/>\nContato via site<br \/>\n41 3017 1000<br \/>\nDi\u00e1ria Simples: R$84<br \/>\nDi\u00e1ria Dupla: R$104<a href=\"http:\/\/www.hotelohara.com.br\/\"><\/a><\/p>\n<h1>Para quem vai comer<\/h1>\n<p>Alimenta\u00e7\u00e3o na regi\u00e3o da FESP em Curitiba n\u00e3o \u00e9 um problema. \u00c9 ampla a variedade de restaurantes, padarias e bares para todos os pre\u00e7os.<\/p>\n<h1>Para quem vai se divertir<\/h1>\n<p><strong>Atra\u00e7\u00f5es Noturnas:<\/strong> Tamb\u00e9m \u00e9 ampla a quantidade de atra\u00e7\u00f5es pr\u00f3ximas ao local do evento. Bares, teatros e outros estabelecimentos sempre est\u00e3o abertos. Tamb\u00e9m fica pr\u00f3ximo ao Largo da Ordem, a cidade hist\u00f3rica de Curitiba com grande concentra\u00e7\u00e3o de bares e atra\u00e7\u00f5es noturnas. A comiss\u00e3o organizadora tamb\u00e9m ir\u00e1 propor encontros de confraterniza\u00e7\u00e3o.<\/p>\n<p style=\"text-align: center;\"><a href=\"https:\/\/2010.curitiba.wordcamp.org\/files\/2010\/09\/8943-g.jpg\"><img loading=\"lazy\" decoding=\"async\" class=\"size-medium wp-image-253 aligncenter\" title=\"Bares do Largo da Ordem \u00e0 Noite\" src=\"https:\/\/2010.curitiba.wordcamp.org\/files\/2010\/09\/8943-g-300x225.jpg\" alt=\"\" width=\"300\" height=\"225\" srcset=\"https:\/\/curitiba.wordcamp.org\/2010\/files\/2010\/09\/8943-g-300x225.jpg 300w, https:\/\/curitiba.wordcamp.org\/2010\/files\/2010\/09\/8943-g.jpg 800w\" sizes=\"auto, (max-width: 300px) 100vw, 300px\" \/><\/a><\/p>\n<p><strong>Linha Turismo (R$20):<\/strong> Ao lado do Teatro Gua\u00edra fica um dos pontos da <a href=\"http:\/\/www.urbs.curitiba.pr.gov.br\/PORTAL\/linha_turismo\/\">Linha Turismo<\/a>, um circuito especial em um \u00f4nibus panor\u00e2mico que passa por 25 pontos tur\u00edsticos e com passagem v\u00e1lida por um dia.<\/p>\n<p style=\"text-align: center;\"><a href=\"https:\/\/2010.curitiba.wordcamp.org\/files\/2010\/09\/Linha_Turismo3.gif\"><img loading=\"lazy\" decoding=\"async\" class=\"size-medium wp-image-256 aligncenter\" title=\"Linha Turismo de Curitiba\" src=\"https:\/\/2010.curitiba.wordcamp.org\/files\/2010\/09\/Linha_Turismo3-300x211.gif\" alt=\"\" width=\"300\" height=\"211\" srcset=\"https:\/\/curitiba.wordcamp.org\/2010\/files\/2010\/09\/Linha_Turismo3-300x211.gif 300w, https:\/\/curitiba.wordcamp.org\/2010\/files\/2010\/09\/Linha_Turismo3.gif 430w\" sizes=\"auto, (max-width: 300px) 100vw, 300px\" \/><\/a><\/p>\n<p><strong>Passeio no Domingo:<\/strong> Se o tempo agradar, e se assim o pessoal quiser, no domingo, ap\u00f3s o evento, a comiss\u00e3o organizadora compromete-se a levar quem quiser para dois eventos marcantes em Curitiba no domingo: A <a href=\"http:\/\/www.feiradolargo.com.br\/\">Feira do Largo da Ordem<\/a> pela manh\u00e3, e o <a href=\"http:\/\/www.pr.gov.br\/mon\/\">Museu Oscar Niemeyer<\/a> pela tarde.<\/p>\n<p style=\"text-align: center;\"><a href=\"https:\/\/2010.curitiba.wordcamp.org\/files\/2010\/09\/curitiba1.jpg\"><img loading=\"lazy\" decoding=\"async\" class=\"size-medium wp-image-254 aligncenter\" title=\"Feira do Largo da Ordem\" src=\"https:\/\/2010.curitiba.wordcamp.org\/files\/2010\/09\/curitiba1-300x225.jpg\" alt=\"\" width=\"300\" height=\"225\" srcset=\"https:\/\/curitiba.wordcamp.org\/2010\/files\/2010\/09\/curitiba1-300x225.jpg 300w, https:\/\/curitiba.wordcamp.org\/2010\/files\/2010\/09\/curitiba1.jpg 900w\" sizes=\"auto, (max-width: 300px) 100vw, 300px\" \/><\/a><\/p>\n<p style=\"text-align: center;\"><a href=\"https:\/\/2010.curitiba.wordcamp.org\/files\/2010\/09\/MON10.jpg\"><img loading=\"lazy\" decoding=\"async\" class=\"alignnone size-medium wp-image-255\" title=\"Museu Oscar Niemeyer\" src=\"https:\/\/2010.curitiba.wordcamp.org\/files\/2010\/09\/MON10-300x102.jpg\" alt=\"\" width=\"300\" height=\"102\" srcset=\"https:\/\/curitiba.wordcamp.org\/2010\/files\/2010\/09\/MON10-300x102.jpg 300w, https:\/\/curitiba.wordcamp.org\/2010\/files\/2010\/09\/MON10.jpg 992w\" sizes=\"auto, (max-width: 300px) 100vw, 300px\" \/><\/a><\/p>\n","protected":false},"excerpt":{"rendered":"<p>Endere\u00e7o da FESP Rua Dr. Faivre, 141, Centro. A Dr. Faivre \u00e9 uma rua comprida que come\u00e7a na rodovi\u00e1ria e termina na FESP, de f\u00e1cil localiza\u00e7\u00e3o. Pontos de refer\u00eancia: 1 quadra da Reitoria da UFPR; 2 quadras do C\u00edrculo Militar; &hellip; <a href=\"https:\/\/curitiba.wordcamp.org\/2010\/guia-de-sobrevivencia\/\">Continue reading <span class=\"screen-reader-text\">Guia de Sobreviv\u00eancia em Curitiba<\/span>  <span class=\"meta-nav\">&rarr;<\/span><\/a><\/p>\n","protected":false},"author":7285786,"featured_media":0,"parent":0,"menu_order":0,"comment_status":"open","ping_status":"open","template":"","meta":{"jetpack_post_was_ever_published":false,"footnotes":""},"class_list":["post-244","page","type-page","status-publish","hentry"],"jetpack_shortlink":"https:\/\/wp.me\/P22H13-3W","jetpack_sharing_enabled":true,"_links":{"self":[{"href":"https:\/\/curitiba.wordcamp.org\/2010\/wp-json\/wp\/v2\/pages\/244","targetHints":{"allow":["GET"]}}],"collection":[{"href":"https:\/\/curitiba.wordcamp.org\/2010\/wp-json\/wp\/v2\/pages"}],"about":[{"href":"https:\/\/curitiba.wordcamp.org\/2010\/wp-json\/wp\/v2\/types\/page"}],"author":[{"embeddable":true,"href":"https:\/\/curitiba.wordcamp.org\/2010\/wp-json\/wp\/v2\/users\/7285786"}],"replies":[{"embeddable":true,"href":"https:\/\/curitiba.wordcamp.org\/2010\/wp-json\/wp\/v2\/comments?post=244"}],"version-history":[{"count":0,"href":"https:\/\/curitiba.wordcamp.org\/2010\/wp-json\/wp\/v2\/pages\/244\/revisions"}],"wp:attachment":[{"href":"https:\/\/curitiba.wordcamp.org\/2010\/wp-json\/wp\/v2\/media?parent=244"}],"curies":[{"name":"wp","href":"https:\/\/api.w.org\/{rel}","templated":true}]}}