{"id":27,"date":"2010-09-06T02:50:37","date_gmt":"2010-09-06T02:50:37","guid":{"rendered":"http:\/\/localhost\/wordcamp\/?page_id=27"},"modified":"2010-09-06T02:50:37","modified_gmt":"2010-09-06T02:50:37","slug":"material-de-imprensa","status":"publish","type":"page","link":"https:\/\/curitiba.wordcamp.org\/2010\/material-de-imprensa\/","title":{"rendered":"Material de Imprensa"},"content":{"rendered":"<h2 style=\"text-align: center;\">Material Multim\u00eddia<\/h2>\n<p style=\"text-align: center;\"><a href=\"https:\/\/2010.curitiba.wordcamp.org\/files\/2010\/09\/wordcamp-radio.mp3\">Spot de R\u00e1dio<\/a> divulgado pela <a href=\"http:\/\/91rock.com.br\">91 Rock<\/a><\/p>\n<h2 style=\"text-align: center;\">Textos e Releases<\/h2>\n<blockquote>\n<p style=\"text-align: center;\">Todos os <a href=\"http:\/\/curitiba.wordcamp.com.br\/category\/noticias\/\">Releases de Divulga\u00e7\u00e3o<\/a><\/p>\n<p style=\"text-align: center;\">Texto descritivo padr\u00e3o:<\/p>\n<p style=\"text-align: left;\">O WordCamp Curitiba \u00e9 uma confer\u00eancia sobre WordPress &#8211;  um software de gerenciamento de conte\u00fado na web, e \u00e9 organizada pela  Comunidade WordPress-BR onde desenvolvedores, designers, blogueiros e  usu\u00e1rios casuais poder\u00e3o assistir palestras e apresenta\u00e7\u00f5es, trocar  id\u00e9ias e se conhecer num ambiente informal. O evento acontecer\u00e1 nos dias  22 e 23 de Outubro de 2010 na FESP\/PR, e contar\u00e1 com uma grade de  atividades que contempla os mais variados n\u00edveis de usu\u00e1rios.<\/p>\n<\/blockquote>\n<h2 style=\"text-align: center;\">Material para Impress\u00e3o<\/h2>\n<p style=\"text-align: center;\">Poster em alta defini\u00e7\u00e3o: <a href=\"http:\/\/curitiba.wordcamp.com.br\/wp-content\/uploads\/2010\/09\/wordcamp-poster.jpg\">A3 &#8211; 3307x4376px &#8211; JPG 9,6MB<\/a><\/p>\n<p style=\"text-align: center;\">Arquivo fonte com a arte base: <a href=\"http:\/\/curitiba.wordcamp.com.br\/wp-content\/uploads\/2010\/09\/wordcamp-poster.psd.7z\">PSD 52,8MB 7Z<\/a><\/p>\n<h2 style=\"text-align: center;\">Material para Web<\/h2>\n<p style=\"text-align: center;\">Banner 125x125px<\/p>\n<p style=\"text-align: center;\"><a href=\"https:\/\/2010.curitiba.wordcamp.org\/files\/2010\/09\/wordcamp-banner-125.gif\"><img loading=\"lazy\" decoding=\"async\" class=\"size-full wp-image-118 aligncenter\" title=\"wordcamp-banner-125\" src=\"https:\/\/2010.curitiba.wordcamp.org\/files\/2010\/09\/wordcamp-banner-125.gif\" alt=\"\" width=\"125\" height=\"125\" \/><\/a><\/p>\n<p style=\"text-align: center;\">Banner 300x300px<\/p>\n<p style=\"text-align: center;\"><a href=\"https:\/\/2010.curitiba.wordcamp.org\/files\/2010\/09\/wordcamp-banner-300.gif\"><img loading=\"lazy\" decoding=\"async\" class=\"alignnone size-full wp-image-119\" title=\"wordcamp-banner-300\" src=\"https:\/\/2010.curitiba.wordcamp.org\/files\/2010\/09\/wordcamp-banner-300.gif\" alt=\"\" width=\"300\" height=\"300\" srcset=\"https:\/\/curitiba.wordcamp.org\/2010\/files\/2010\/09\/wordcamp-banner-300.gif 300w, https:\/\/curitiba.wordcamp.org\/2010\/files\/2010\/09\/wordcamp-banner-300-150x150.gif 150w\" sizes=\"auto, (max-width: 300px) 100vw, 300px\" \/><\/a><\/p>\n<p style=\"text-align: center;\">Banner 728x90px<\/p>\n<p style=\"text-align: center;\"><a href=\"https:\/\/2010.curitiba.wordcamp.org\/files\/2010\/09\/wordcamp-banner-728.jpg\"><img loading=\"lazy\" decoding=\"async\" class=\"size-full wp-image-120 aligncenter\" title=\"wordcamp-banner-728\" src=\"https:\/\/2010.curitiba.wordcamp.org\/files\/2010\/09\/wordcamp-banner-728.jpg\" alt=\"\" width=\"510\" height=\"63\" srcset=\"https:\/\/curitiba.wordcamp.org\/2010\/files\/2010\/09\/wordcamp-banner-728.jpg 728w, https:\/\/curitiba.wordcamp.org\/2010\/files\/2010\/09\/wordcamp-banner-728-300x37.jpg 300w\" sizes=\"auto, (max-width: 510px) 100vw, 510px\" \/><\/a><\/p>\n<p style=\"text-align: center;\">WebFlyer 500x700px<\/p>\n<p style=\"text-align: center;\"><a href=\"https:\/\/2010.curitiba.wordcamp.org\/files\/2010\/09\/wordcamp-webflyer.jpg\"><img loading=\"lazy\" decoding=\"async\" class=\"size-full wp-image-103 aligncenter\" title=\"wordcamp-webflyer\" src=\"https:\/\/2010.curitiba.wordcamp.org\/files\/2010\/09\/wordcamp-webflyer.jpg\" alt=\"\" width=\"500\" height=\"700\" srcset=\"https:\/\/curitiba.wordcamp.org\/2010\/files\/2010\/09\/wordcamp-webflyer.jpg 500w, https:\/\/curitiba.wordcamp.org\/2010\/files\/2010\/09\/wordcamp-webflyer-214x300.jpg 214w\" sizes=\"auto, (max-width: 500px) 100vw, 500px\" \/><\/a><\/p>\n","protected":false},"excerpt":{"rendered":"<p>Material Multim\u00eddia Spot de R\u00e1dio divulgado pela 91 Rock Textos e Releases Todos os Releases de Divulga\u00e7\u00e3o Texto descritivo padr\u00e3o: O WordCamp Curitiba \u00e9 uma confer\u00eancia sobre WordPress &#8211; um software de gerenciamento de conte\u00fado na web, e \u00e9 organizada &hellip; <a href=\"https:\/\/curitiba.wordcamp.org\/2010\/material-de-imprensa\/\">Continue reading <span class=\"screen-reader-text\">Material de Imprensa<\/span>  <span class=\"meta-nav\">&rarr;<\/span><\/a><\/p>\n","protected":false},"author":7285786,"featured_media":0,"parent":0,"menu_order":0,"comment_status":"open","ping_status":"open","template":"","meta":{"jetpack_post_was_ever_published":false,"footnotes":""},"class_list":["post-27","page","type-page","status-publish","hentry"],"jetpack_shortlink":"https:\/\/wp.me\/P22H13-r","jetpack_sharing_enabled":true,"_links":{"self":[{"href":"https:\/\/curitiba.wordcamp.org\/2010\/wp-json\/wp\/v2\/pages\/27","targetHints":{"allow":["GET"]}}],"collection":[{"href":"https:\/\/curitiba.wordcamp.org\/2010\/wp-json\/wp\/v2\/pages"}],"about":[{"href":"https:\/\/curitiba.wordcamp.org\/2010\/wp-json\/wp\/v2\/types\/page"}],"author":[{"embeddable":true,"href":"https:\/\/curitiba.wordcamp.org\/2010\/wp-json\/wp\/v2\/users\/7285786"}],"replies":[{"embeddable":true,"href":"https:\/\/curitiba.wordcamp.org\/2010\/wp-json\/wp\/v2\/comments?post=27"}],"version-history":[{"count":0,"href":"https:\/\/curitiba.wordcamp.org\/2010\/wp-json\/wp\/v2\/pages\/27\/revisions"}],"wp:attachment":[{"href":"https:\/\/curitiba.wordcamp.org\/2010\/wp-json\/wp\/v2\/media?parent=27"}],"curies":[{"name":"wp","href":"https:\/\/api.w.org\/{rel}","templated":true}]}}