{"id":289,"date":"2010-10-06T04:09:21","date_gmt":"2010-10-06T04:09:21","guid":{"rendered":"http:\/\/curitiba.wordcamp.com.br\/"},"modified":"2010-10-06T04:09:21","modified_gmt":"2010-10-06T04:09:21","slug":"parceiros","status":"publish","type":"page","link":"https:\/\/curitiba.wordcamp.org\/2010\/parceiros\/","title":{"rendered":"Parceiros"},"content":{"rendered":"<p>As empresas e sites abaixo est\u00e3o ajudando a divulgar o WordCamp. Ajude-nos tamb\u00e9m! Basta acessar a <a href=\"http:\/\/curitiba.wordcamp.com.br\/material-de-imprensa\/\">p\u00e1gina de material de imprensa<\/a> e escolher a forma como quer divulgar. Em seguida envie seu logotipo em formato jpg\/gif ou png, nas medidas de 120x60px e o link para p\u00e1gina onde divulgou o WordCamp para o email contato[arroba]wp-brasil[ponto]org.<\/p>\n<p><a title=\"91 Rock\" href=\"http:\/\/91rock.com.br\/\"><img loading=\"lazy\" decoding=\"async\" class=\"alignnone size-full wp-image-316\" src=\"https:\/\/2010.curitiba.wordcamp.org\/files\/2010\/10\/91rock1.gif\" alt=\"\" width=\"120\" height=\"60\" \/><\/a> <a title=\"Revista Esp\u00edrito Livre\" href=\"http:\/\/www.revista.espiritolivre.org\/\"><img loading=\"lazy\" decoding=\"async\" class=\"alignnone size-full wp-image-318\" src=\"https:\/\/2010.curitiba.wordcamp.org\/files\/2010\/10\/espiritolivre.gif\" alt=\"\" width=\"120\" height=\"60\" \/><\/a><a href=\"http:\/\/www.rafaeldesigner.com.br\/blog\/\"><img loading=\"lazy\" decoding=\"async\" class=\"alignnone size-full wp-image-325\" title=\"rafael-designer-banner\" src=\"https:\/\/2010.curitiba.wordcamp.org\/files\/2010\/10\/rafael-designer-banner.gif\" alt=\"\" width=\"120\" height=\"60\" \/><\/a><a href=\"http:\/\/hein.art.br\/\"><img loading=\"lazy\" decoding=\"async\" class=\"alignnone size-full wp-image-326\" title=\"hein\" src=\"https:\/\/2010.curitiba.wordcamp.org\/files\/2010\/10\/hein.png\" alt=\"\" width=\"120\" height=\"60\" \/><\/a><a href=\"http:\/\/www.informacaovirtual.com\"><img loading=\"lazy\" decoding=\"async\" class=\"alignnone size-full wp-image-328\" title=\"logo_iv\" src=\"https:\/\/2010.curitiba.wordcamp.org\/files\/2010\/10\/logo_iv.png\" alt=\"\" width=\"120\" height=\"60\" \/><\/a><a href=\"http:\/\/www.alquimiamistica.com\/\"><img loading=\"lazy\" decoding=\"async\" class=\"alignnone size-full wp-image-331\" title=\"alquimia-mistica\" src=\"https:\/\/2010.curitiba.wordcamp.org\/files\/2010\/10\/alquimia-mistica.jpg\" alt=\"\" width=\"120\" height=\"60\" \/><\/a><a href=\"http:\/\/eltabisz.com.br\/\"><img loading=\"lazy\" decoding=\"async\" class=\"alignnone size-full wp-image-332\" title=\"el-tabisz\" src=\"https:\/\/2010.curitiba.wordcamp.org\/files\/2010\/10\/el-tabisz.jpg\" alt=\"\" width=\"120\" height=\"60\" \/><\/a><a href=\"http:\/\/persocon.org\/2010\/wordcamp-curitiba\/\"><img loading=\"lazy\" decoding=\"async\" class=\"alignnone size-full wp-image-334\" title=\"persoconbutton\" src=\"https:\/\/2010.curitiba.wordcamp.org\/files\/2010\/10\/persoconbutton.jpg\" alt=\"\" width=\"120\" height=\"60\" \/><\/a><a href=\"http:\/\/www.wordpressmb.com.br\/\"><img loading=\"lazy\" decoding=\"async\" class=\"alignnone size-full wp-image-335\" title=\"wpmb\" src=\"https:\/\/2010.curitiba.wordcamp.org\/files\/2010\/10\/wpmb.png\" alt=\"\" width=\"120\" height=\"60\" \/><\/a><a href=\"http:\/\/www.portalwp.com.br\/\"><img loading=\"lazy\" decoding=\"async\" class=\"alignnone size-full wp-image-336\" title=\"portalwp-12060\" src=\"https:\/\/2010.curitiba.wordcamp.org\/files\/2010\/10\/portalwp-12060.gif\" alt=\"\" width=\"120\" height=\"60\" \/><\/a><a href=\"http:\/\/www.ybytucatu.com.br\/\"><img loading=\"lazy\" decoding=\"async\" class=\"alignnone size-full wp-image-371\" title=\"ybytu120\" src=\"https:\/\/2010.curitiba.wordcamp.org\/files\/2010\/10\/ybytu120.jpg\" alt=\"\" width=\"120\" height=\"59\" \/><\/a><a href=\"http:\/\/www.marcelvinicius.com\/\"><img loading=\"lazy\" decoding=\"async\" class=\"alignnone size-full wp-image-372\" title=\"mv\" src=\"https:\/\/2010.curitiba.wordcamp.org\/files\/2010\/10\/mv.png\" alt=\"\" width=\"121\" height=\"60\" \/><\/a><a href=\"http:\/\/design.blog.br\/\"><img loading=\"lazy\" decoding=\"async\" class=\"alignleft size-full wp-image-505\" title=\"designblog\" src=\"..\/wp-content\/uploads\/2010\/10\/designblog-120x60.jpg\" alt=\"\" width=\"120\" height=\"60\" \/><\/a><a href=\"http:\/\/criadorsites.com\/\"><img loading=\"lazy\" decoding=\"async\" class=\"alignleft size-full wp-image-514\" title=\"criador-sites\" src=\"https:\/\/2010.curitiba.wordcamp.org\/files\/2010\/10\/criador-sites.png\" alt=\"\" width=\"120\" height=\"60\" \/><\/a><\/p>\n","protected":false},"excerpt":{"rendered":"<p>As empresas e sites abaixo est\u00e3o ajudando a divulgar o WordCamp. Ajude-nos tamb\u00e9m! Basta acessar a p\u00e1gina de material de imprensa e escolher a forma como quer divulgar. Em seguida envie seu logotipo em formato jpg\/gif ou png, nas medidas &hellip; <a href=\"https:\/\/curitiba.wordcamp.org\/2010\/parceiros\/\">Continue reading <span class=\"screen-reader-text\">Parceiros<\/span>  <span class=\"meta-nav\">&rarr;<\/span><\/a><\/p>\n","protected":false},"author":7285786,"featured_media":0,"parent":0,"menu_order":0,"comment_status":"open","ping_status":"open","template":"","meta":{"jetpack_post_was_ever_published":false,"footnotes":""},"class_list":["post-289","page","type-page","status-publish","hentry"],"jetpack_shortlink":"https:\/\/wp.me\/P22H13-4F","jetpack_sharing_enabled":true,"_links":{"self":[{"href":"https:\/\/curitiba.wordcamp.org\/2010\/wp-json\/wp\/v2\/pages\/289","targetHints":{"allow":["GET"]}}],"collection":[{"href":"https:\/\/curitiba.wordcamp.org\/2010\/wp-json\/wp\/v2\/pages"}],"about":[{"href":"https:\/\/curitiba.wordcamp.org\/2010\/wp-json\/wp\/v2\/types\/page"}],"author":[{"embeddable":true,"href":"https:\/\/curitiba.wordcamp.org\/2010\/wp-json\/wp\/v2\/users\/7285786"}],"replies":[{"embeddable":true,"href":"https:\/\/curitiba.wordcamp.org\/2010\/wp-json\/wp\/v2\/comments?post=289"}],"version-history":[{"count":0,"href":"https:\/\/curitiba.wordcamp.org\/2010\/wp-json\/wp\/v2\/pages\/289\/revisions"}],"wp:attachment":[{"href":"https:\/\/curitiba.wordcamp.org\/2010\/wp-json\/wp\/v2\/media?parent=289"}],"curies":[{"name":"wp","href":"https:\/\/api.w.org\/{rel}","templated":true}]}}