{"id":379,"date":"2010-10-13T17:29:03","date_gmt":"2010-10-13T17:29:03","guid":{"rendered":"http:\/\/curitiba.wordcamp.com.br\/"},"modified":"2010-10-13T17:29:03","modified_gmt":"2010-10-13T17:29:03","slug":"palestrantes","status":"publish","type":"page","link":"https:\/\/curitiba.wordcamp.org\/2010\/programacao\/palestrantes\/","title":{"rendered":"Palestrantes"},"content":{"rendered":"<p>Palestrantes em ordem alfab\u00e9tica:<\/p>\n<h2 id=\"arilton\">Arilton Silva Freitas<\/h2>\n<p>Graduado em Sistemas de Informa\u00e7\u00e3o pela Universidade Vale do Rio Doce  &#8211; UNIVALE no ano de 2009, atualmente trabalha como Engenheiro de  Software na <a href=\"http:\/\/apiki.com\/\">Apiki<\/a>, empresa do grupo iMasters, refer\u00eancia em  desenvolvimento WordPress no Brasil. Trabalha com o WordPress 3.0 desde o seu lan\u00e7amento em vers\u00f5es beta e j\u00e1 possui experi\u00eancia em v\u00e1rios projetos utilizando as novas funcionalidades.<\/p>\n<h2 id=\"catia\">C\u00e1tia Kitahara<\/h2>\n<p>P\u00f3s-graduada em Design de Hiperm\u00eddia, com mais de 10 anos de  experi\u00eancia na \u00e1rea de design e quase 4 anos de WordPress, C\u00e1tia  Kitahara \u00e9 fundadora da Comunidade Brasileira de WordPress e organizou o primeiro WordCamp Brasil em 2009. Atualmente trabalha como web designer no <a href=\"http:\/\/hacklab.com.br\">Hacklab\/<\/a>.<\/p>\n<h2 id=\"daniel\">Daniel Antunes Rocha<\/h2>\n<p><img loading=\"lazy\" decoding=\"async\" class=\"alignleft size-full wp-image-503\" title=\"daniel-antunes\" src=\"https:\/\/2010.curitiba.wordcamp.org\/files\/2010\/10\/daniel-antunes.jpg\" alt=\"\" width=\"139\" height=\"147\" \/>Desenvolve para web desde 2008. Graduado no curso de Sistemas de  Informa\u00e7\u00e3o no ano de 2009. Atualmente, \u00e9 coordenador de desenvolvimento e  engenheiro de software especializado em WordPress da <a href=\"http:\/\/apiki.com\/\">Apiki<\/a> (empresa  especializada em WordPress). Autor do blog <a href=\"http:\/\/danieldeveloper.com\">danieldeveloper.com<\/a> focado em PHP e WordPress.<\/p>\n<h2 id=\"diego\">Diego Figueiredo Rojas<\/h2>\n<p>Artista gr\u00e1fico e desenvolvedor web da <a href=\"http:\/\/etedesign.com.br\/\">Et\u00e9 Design<\/a>. Participou por 5 anos no Instituto Pombas Urbanas na forma\u00e7\u00e3o de um Centro Cultural em Cidade Tiradentes, Zona Leste de S\u00e3o Paulo. Na ONG participou das equipes de planejamento, produ\u00e7\u00e3o, capta\u00e7\u00e3o e comunica\u00e7\u00e3o. Participou da cria\u00e7\u00e3o da Ag\u00eancia Aprendiz na ONG Cidade Escola Aprendiz, case de marketing no terceiro setor.<\/p>\n<h2 id=\"dionizio\">Dionizio Bonfim Bach &#8211; DJIO<\/h2>\n<p><img loading=\"lazy\" decoding=\"async\" class=\"alignleft size-thumbnail wp-image-409\" title=\"dionizio\" src=\"https:\/\/2010.curitiba.wordcamp.org\/files\/2010\/10\/dionizio-150x150.jpg\" alt=\"Dion\u00edzio Bonfim Bach - DJIO\" width=\"150\" height=\"150\" srcset=\"https:\/\/curitiba.wordcamp.org\/2010\/files\/2010\/10\/dionizio-150x150.jpg 150w, https:\/\/curitiba.wordcamp.org\/2010\/files\/2010\/10\/dionizio.jpg 290w\" sizes=\"auto, (max-width: 150px) 100vw, 150px\" \/>Web designer desde 1996, desenvolvedor em PHP e MySQL com conhecimentos em: CSS, Tableless, AJAX, Web 2.0, SEO, HTML5, Flex, AIR,  etc. \u00c9 especializado em: Zend Framework, WordPress e jQuery e possui vasta experi\u00eancia nas plataformas Mac e Windows. Atualmente trabalha como Desenvolvedor, Consultor e Instrutor de Tecnologias Web,  al\u00e9m de atuar como DJ.<\/p>\n<h2 id=\"edgar\">Edgar Fernando \/ Georgea Vieira<\/h2>\n<p>Profissionais que atuam no mercado de web h\u00e1 mais de 5 anos.  Designers por forma\u00e7\u00e3o, mas que atuam na parte de desenvolvimento WordPress  na <a href=\"http:\/\/agenciadeinternet.com\/\">Ag\u00eancia PontoCom<\/a>.<\/p>\n<h2 id=\"frank\">Frank Alcantara<\/h2>\n<p><img loading=\"lazy\" decoding=\"async\" class=\"alignleft\" src=\"http:\/\/i26.tinypic.com\/2dha6m9.jpg\" alt=\"\" width=\"100\" height=\"131\" \/>Pai,  Professor Universit\u00e1rio, Engenheiro, blogueiro e ativista do software  livre. Nos \u00faltimos 20 anos tem trabalhado com a cria\u00e7\u00e3o e divulga\u00e7\u00e3o de  projetos de software livre e c\u00f3digo aberto. Est\u00e1 escrevendo um livro  sobre o uso de redes sociais para alavancar carreiras e neg\u00f3cios  enquanto se dedica ao fomento de neg\u00f3cios utilizando software livre.<\/p>\n<h2 id=\"guilherme\">Guilherme Aguiar<\/h2>\n<p>Atualmente atua como s\u00f3cio gerente da <a href=\"http:\/\/www.webdf.com.br\/\">Ag\u00eancia WebDF<\/a> especializada em  solu\u00e7\u00f5es WordPress. Foi Subgerente de Informa\u00e7\u00f5es Estrat\u00e9gicas do  Minist\u00e9rio da Cultura (Minc), respons\u00e1vel pela equipe de especialistas  em interface de sistemas e programa\u00e7\u00e3o visual, programador de interfaces  e l\u00edder t\u00e9cnico pela Ag\u00eanciaClick, onde participou de projetos para  clientes como BrasilTelecom, Minist\u00e9rio do Turismo, Correios, Caixa  Econ\u00f4mica Federal, entre outros. \u00c9 graduado em Administra\u00e7\u00e3o pela  Universidade de Bras\u00edlia-UnB e Sistemas Web pelo UnICESP, p\u00f3s-Graduado  em Marketing (UniCESP) e com especializa\u00e7\u00e3o em Ger\u00eancia de Projetos Web  pelo I-Group.<\/p>\n<h2 id=\"zefontainhas\">Jos\u00e9 Fontainhas<\/h2>\n<p><img decoding=\"async\" class=\"alignleft\" src=\"https:\/\/2010.curitiba.wordcamp.org\/files\/2010\/09\/jose.png\" alt=\"\" width=\"100\" \/> Formado em Ci\u00eancias da Computa\u00e7\u00e3o e Rela\u00e7\u00f5es Internacionais pela Universidade Webster de Viena,  \u00e9 fundador da Comunidade Portuguesa de WordPress e ocupa o cargo de Outernationalist na <a href=\"http:\/\/automattic.com\">Automattic<\/a>, empresa por tr\u00e1s do WordPress.<\/p>\n<h2 id=\"zegeraldo\">Jos\u00e9 Geraldo Magalh\u00e3es<\/h2>\n<p><img loading=\"lazy\" decoding=\"async\" class=\"alignleft size-thumbnail wp-image-407\" title=\"jose-geraldo\" src=\"https:\/\/2010.curitiba.wordcamp.org\/files\/2010\/10\/jose-geraldo-150x150.jpg\" alt=\"Jos\u00e9 Gerlado Magalh\u00e3es\" width=\"150\" height=\"150\" \/>Jornalista e Produtor web h\u00e1 mais de 15 anos tendo trabalhado em  sites como: Volkswagen, P\u00e3o de A\u00e7ucar, Netbrasil, Sadia, Americanas.com,  S\u00f3cio propriet\u00e1rio da <a href=\"http:\/\/www.toborino.com.br\/\">Toborino Software<\/a>.<\/p>\n<h2 id=\"leofalcao\">Leonardo Falc\u00e3o<\/h2>\n<p>Do signo de Virgem, nascido no Rio de Janeiro, \u00e9 analista da  <a href=\"http:\/\/globo.com\">Globo.com<\/a> h\u00e1 3 anos, faz parte do time de WordPress da empresa. \u00c9  respons\u00e1vel pela infraestrutura e desenvolvimento da plataforma, a qual  j\u00e1 utiliza por aproximadamente 4 anos.<\/p>\n<h2 id=\"leo\">Leo Germani<\/h2>\n<p>Leo Germani \u00e9 desenvolvedor web h\u00e1 mais de 10 anos. Trabalha com  WordPress h\u00e1 3 anos e possui <a href=\"http:\/\/wordpress.org\/extend\/plugins\/profile\/leogermani\">uma d\u00fazia de plugins publicados no reposit\u00f3rio oficial<\/a>. Seu plugin vote2publish ganhou o <a href=\"http:\/\/weblogtoolscollection.com\/archives\/2008\/09\/13\/wordpress-plugin-competition-25-winners\/\">pr\u00eamio de melhor plugin para  WordPress MU em 2008 organizado pela weblogtoolscollection<\/a>.<\/p>\n<h2 id=\"rafael\">Rafael Hernandez<\/h2>\n<p><img loading=\"lazy\" decoding=\"async\" class=\"alignleft size-full wp-image-285\" title=\"foto-rafaelhernandez\" src=\"https:\/\/2010.curitiba.wordcamp.org\/files\/2010\/09\/foto-rafaelhernandez.jpg\" alt=\"\" width=\"100\" height=\"119\" \/>9 anos como profissional de Internet, atuando em diversos segmentos. Especialista em SEO, An\u00e1lise em M\u00eddias\/Redes Sociais e Consultor Tecnol\u00f3gico. Desenvolvedor de Lojas Virtuais, Blogs, Sites, Hotsites, E-mail Marketing e Campanhas. Atualmente Coordenador de projetos digitais em Santo Andr\u00e9 \/ ABC de S\u00e3o Paulo e Fundador da empresa <a href=\"http:\/\/www.rafaeldesigner.com.br\/blog\">Rafael Designer<\/a> onde tamb\u00e9m \u00e9 administrador do Blog da Empresa.<\/p>\n<h2 id=\"vinicius\">Vinicius Rangel<\/h2>\n<p>Carioca, 27 anos e analista da Globo.com h\u00e1 4 anos, \u00e9 desenvolvedor da equipe WordPress da <a href=\"http:\/\/globo.com\">Globo.com<\/a>. J\u00e1 trabalhou em grandes projetos para Som Livre, TV Globo e Eletrobr\u00e1s. \u00c9 especialista em front-end e mant\u00e9m pesquisas constantes para desenvolver ferramentas que tornem o WordPress um CMS completo.<\/p>\n","protected":false},"excerpt":{"rendered":"<p>Palestrantes em ordem alfab\u00e9tica: Arilton Silva Freitas Graduado em Sistemas de Informa\u00e7\u00e3o pela Universidade Vale do Rio Doce &#8211; UNIVALE no ano de 2009, atualmente trabalha como Engenheiro de Software na Apiki, empresa do grupo iMasters, refer\u00eancia em desenvolvimento WordPress &hellip; <a href=\"https:\/\/curitiba.wordcamp.org\/2010\/programacao\/palestrantes\/\">Continue reading <span class=\"screen-reader-text\">Palestrantes<\/span>  <span class=\"meta-nav\">&rarr;<\/span><\/a><\/p>\n","protected":false},"author":7285786,"featured_media":0,"parent":12,"menu_order":0,"comment_status":"open","ping_status":"open","template":"","meta":{"jetpack_post_was_ever_published":false,"footnotes":""},"class_list":["post-379","page","type-page","status-publish","hentry"],"jetpack_shortlink":"https:\/\/wp.me\/P22H13-67","jetpack_sharing_enabled":true,"_links":{"self":[{"href":"https:\/\/curitiba.wordcamp.org\/2010\/wp-json\/wp\/v2\/pages\/379","targetHints":{"allow":["GET"]}}],"collection":[{"href":"https:\/\/curitiba.wordcamp.org\/2010\/wp-json\/wp\/v2\/pages"}],"about":[{"href":"https:\/\/curitiba.wordcamp.org\/2010\/wp-json\/wp\/v2\/types\/page"}],"author":[{"embeddable":true,"href":"https:\/\/curitiba.wordcamp.org\/2010\/wp-json\/wp\/v2\/users\/7285786"}],"replies":[{"embeddable":true,"href":"https:\/\/curitiba.wordcamp.org\/2010\/wp-json\/wp\/v2\/comments?post=379"}],"version-history":[{"count":0,"href":"https:\/\/curitiba.wordcamp.org\/2010\/wp-json\/wp\/v2\/pages\/379\/revisions"}],"up":[{"embeddable":true,"href":"https:\/\/curitiba.wordcamp.org\/2010\/wp-json\/wp\/v2\/pages\/12"}],"wp:attachment":[{"href":"https:\/\/curitiba.wordcamp.org\/2010\/wp-json\/wp\/v2\/media?parent=379"}],"curies":[{"name":"wp","href":"https:\/\/api.w.org\/{rel}","templated":true}]}}