{"id":7,"date":"2010-09-04T23:56:24","date_gmt":"2010-09-04T23:56:24","guid":{"rendered":"http:\/\/localhost\/wordcamp\/?page_id=2"},"modified":"2010-09-04T23:56:24","modified_gmt":"2010-09-04T23:56:24","slug":"comunidade-wordpress-br","status":"publish","type":"page","link":"https:\/\/curitiba.wordcamp.org\/2010\/comunidade-wordpress-br\/","title":{"rendered":"Comunidade WordPress-BR"},"content":{"rendered":"<p>Se voc\u00ea j\u00e1 <a href=\"http:\/\/curitiba.wordcamp.com.br\/conheca-o-wordpress\/\">conhece o WordPress<\/a>, deve tamb\u00e9m saber que ele \u00e9 um software livre. Isso significa que n\u00e3o \u00e9 um software produzido somente por uma empresa, mas sim por v\u00e1rias empresas e profissionais aut\u00f4nomos que no seu dia-a-dia percebem e implementam as melhorias e tend\u00eancias de um software de publica\u00e7\u00e3o web. Tudo isso \u00e9 feito com um forte esp\u00edrito de colaboratividade. Discutimos sobre estas implementa\u00e7\u00f5es e trabalhamos em conjunto para faz\u00ea-las acontecer, e por isso nos denominamos uma <strong>comunidade<\/strong>.<\/p>\n<p>Aqui no Brasil n\u00f3s nos organizamos na comunidade <a href=\"http:\/\/wp-brasil.org\/\">WordPress-BR<\/a>, e somos respons\u00e1veis pela documenta\u00e7\u00e3o e tradu\u00e7\u00e3o em portugu\u00eas do Brasil do WordPress. Tamb\u00e9m cuidamos destas mesmas atividades relacionadas ao bbPress e ao BuddyPress, outras duas ferramentas importantes constru\u00eddas em torno do WordPress.<\/p>\n<p>Ajudamos a organizar os WordCamps e a divulgar o WordPress de modo geral. Fazemos isso por diversos motivos, desde premissas mais ideol\u00f3gicas &#8211; por acreditarmos no modelo de desenvolvimento colaborativo de software, ou mesmo porque escolhemos o WordPress para nosso exerc\u00edcio profissional &#8211; sendo de completo interesse a participa\u00e7\u00e3o e contribui\u00e7\u00e3o para que a ferramenta atenda cada vez melhor nossos clientes.<\/p>\n","protected":false},"excerpt":{"rendered":"<p>Se voc\u00ea j\u00e1 conhece o WordPress, deve tamb\u00e9m saber que ele \u00e9 um software livre. Isso significa que n\u00e3o \u00e9 um software produzido somente por uma empresa, mas sim por v\u00e1rias empresas e profissionais aut\u00f4nomos que no seu dia-a-dia percebem &hellip; <a href=\"https:\/\/curitiba.wordcamp.org\/2010\/comunidade-wordpress-br\/\">Continue reading <span class=\"screen-reader-text\">Comunidade WordPress-BR<\/span>  <span class=\"meta-nav\">&rarr;<\/span><\/a><\/p>\n","protected":false},"author":7285786,"featured_media":0,"parent":0,"menu_order":0,"comment_status":"open","ping_status":"closed","template":"","meta":{"jetpack_post_was_ever_published":false,"footnotes":""},"class_list":["post-7","page","type-page","status-publish","hentry"],"jetpack_shortlink":"https:\/\/wp.me\/P22H13-7","jetpack_sharing_enabled":true,"_links":{"self":[{"href":"https:\/\/curitiba.wordcamp.org\/2010\/wp-json\/wp\/v2\/pages\/7","targetHints":{"allow":["GET"]}}],"collection":[{"href":"https:\/\/curitiba.wordcamp.org\/2010\/wp-json\/wp\/v2\/pages"}],"about":[{"href":"https:\/\/curitiba.wordcamp.org\/2010\/wp-json\/wp\/v2\/types\/page"}],"author":[{"embeddable":true,"href":"https:\/\/curitiba.wordcamp.org\/2010\/wp-json\/wp\/v2\/users\/7285786"}],"replies":[{"embeddable":true,"href":"https:\/\/curitiba.wordcamp.org\/2010\/wp-json\/wp\/v2\/comments?post=7"}],"version-history":[{"count":0,"href":"https:\/\/curitiba.wordcamp.org\/2010\/wp-json\/wp\/v2\/pages\/7\/revisions"}],"wp:attachment":[{"href":"https:\/\/curitiba.wordcamp.org\/2010\/wp-json\/wp\/v2\/media?parent=7"}],"curies":[{"name":"wp","href":"https:\/\/api.w.org\/{rel}","templated":true}]}}