{"id":12,"date":"2011-12-08T23:59:39","date_gmt":"2011-12-08T23:59:39","guid":{"rendered":"https:\/\/2012.curitiba.wordcamp.org\/?page_id=12"},"modified":"2012-03-08T20:45:32","modified_gmt":"2012-03-08T23:45:32","slug":"sobre","status":"publish","type":"page","link":"https:\/\/curitiba.wordcamp.org\/2012\/sobre\/","title":{"rendered":"Sobre o Evento"},"content":{"rendered":"<p>O WordCamp \u00e9 uma confer\u00eancia sobre WordPress organizada pela Comunidade WordPress-BR onde desenvolvedores, designers, blogueiros e usu\u00e1rios casuais poder\u00e3o assistir palestras e apresenta\u00e7\u00f5es, trocar ideias e se conhecer num ambiente informal.<\/p>\n<p>Em Curitiba, o evento vem em sua segunda edi\u00e7\u00e3o com for\u00e7a total, e ser\u00e1 novamente sediado na FESP\/PR, no centro da cidade, e ir\u00e1 compor uma grade de atividades direcionadas \u00e0 usu\u00e1rios, desenvolvedores e profissionais do WordPress.<\/p>\n","protected":false},"excerpt":{"rendered":"<p>O WordCamp \u00e9 uma confer\u00eancia sobre WordPress organizada pela Comunidade WordPress-BR onde desenvolvedores, designers, blogueiros e usu\u00e1rios casuais poder\u00e3o assistir palestras e apresenta\u00e7\u00f5es, trocar ideias e se conhecer num ambiente informal. Em Curitiba, o evento vem em sua segunda edi\u00e7\u00e3o &hellip; <a href=\"https:\/\/curitiba.wordcamp.org\/2012\/sobre\/\">Continuar a ler <span class=\"screen-reader-text\">Sobre o Evento<\/span>  <span class=\"meta-nav\">&rarr;<\/span><\/a><\/p>\n","protected":false},"author":7285786,"featured_media":0,"parent":0,"menu_order":0,"comment_status":"closed","ping_status":"closed","template":"","meta":{"_crdt_document":"","jetpack_post_was_ever_published":false,"footnotes":""},"class_list":["post-12","page","type-page","status-publish","hentry"],"jetpack_shortlink":"https:\/\/wp.me\/P22EFv-c","jetpack_sharing_enabled":true,"_links":{"self":[{"href":"https:\/\/curitiba.wordcamp.org\/2012\/wp-json\/wp\/v2\/pages\/12","targetHints":{"allow":["GET"]}}],"collection":[{"href":"https:\/\/curitiba.wordcamp.org\/2012\/wp-json\/wp\/v2\/pages"}],"about":[{"href":"https:\/\/curitiba.wordcamp.org\/2012\/wp-json\/wp\/v2\/types\/page"}],"author":[{"embeddable":true,"href":"https:\/\/curitiba.wordcamp.org\/2012\/wp-json\/wp\/v2\/users\/7285786"}],"replies":[{"embeddable":true,"href":"https:\/\/curitiba.wordcamp.org\/2012\/wp-json\/wp\/v2\/comments?post=12"}],"version-history":[{"count":4,"href":"https:\/\/curitiba.wordcamp.org\/2012\/wp-json\/wp\/v2\/pages\/12\/revisions"}],"predecessor-version":[{"id":40,"href":"https:\/\/curitiba.wordcamp.org\/2012\/wp-json\/wp\/v2\/pages\/12\/revisions\/40"}],"wp:attachment":[{"href":"https:\/\/curitiba.wordcamp.org\/2012\/wp-json\/wp\/v2\/media?parent=12"}],"curies":[{"name":"wp","href":"https:\/\/api.w.org\/{rel}","templated":true}]}}