{"id":128,"date":"2012-05-11T19:03:59","date_gmt":"2012-05-11T22:03:59","guid":{"rendered":"https:\/\/2012.curitiba.wordcamp.org\/?page_id=128"},"modified":"2012-06-07T14:00:40","modified_gmt":"2012-06-07T17:00:40","slug":"materiais-de-imprensa","status":"publish","type":"page","link":"https:\/\/curitiba.wordcamp.org\/2012\/materiais-de-imprensa\/","title":{"rendered":"Materiais de Imprensa"},"content":{"rendered":"<p style=\"text-align: center;\">Coloque uma faixinha no seu <a href=\"https:\/\/twibbon.com\/join\/WordCamp-Curitiba-2012\" target=\"_blank\">perfil do Twitter<\/a> ou do <a href=\"http:\/\/twibbon.com\/cause\/WordCamp-Curitiba-2012\/facebook\" target=\"_blank\">Facebook<\/a>!<\/p>\n<p style=\"text-align: center;\"><a href=\"http:\/\/twibbon.com\/cause\/WordCamp-Curitiba-2012\/facebook\"><img loading=\"lazy\" decoding=\"async\" class=\"alignnone size-full wp-image-163\" title=\"twibbon\" src=\"https:\/\/2012.curitiba.wordcamp.org\/files\/2012\/05\/twibbon.jpg\" alt=\"\" width=\"200\" height=\"200\" srcset=\"https:\/\/curitiba.wordcamp.org\/2012\/files\/2012\/05\/twibbon.jpg 200w, https:\/\/curitiba.wordcamp.org\/2012\/files\/2012\/05\/twibbon-150x150.jpg 150w\" sizes=\"auto, (max-width: 200px) 100vw, 200px\" \/><\/a><\/p>\n<p style=\"text-align: center;\">Hashtag do Twitter: <a href=\"https:\/\/twitter.com\/#!\/search\/%23wccwb\">#wccwb<\/a><\/p>\n<p style=\"text-align: center;\">Texto Padr\u00e3o de Apresenta\u00e7\u00e3o na P\u00e1gina &#8220;<a href=\"https:\/\/2012.curitiba.wordcamp.org\/sobre\/\">Sobre o Evento<\/a>&#8220;<\/p>\n<p style=\"text-align: center;\">Clip 250x280px<\/p>\n<p style=\"text-align: center;\"><a href=\"https:\/\/2012.curitiba.wordcamp.org\/files\/2012\/05\/cartaz-wordcamp-final-v2-clip-250.jpg\"><img loading=\"lazy\" decoding=\"async\" class=\"size-full wp-image-101 aligncenter\" title=\"cartaz-wordcamp-final-v2-clip-250\" src=\"https:\/\/2012.curitiba.wordcamp.org\/files\/2012\/05\/cartaz-wordcamp-final-v2-clip-250.jpg\" alt=\"\" width=\"250\" height=\"280\" \/><\/a><\/p>\n<p style=\"text-align: center;\">Copie o seguinte c\u00f3digo no seu site para exibir este banner:<br \/>\n<textarea style=\"width: 80%;\">&lt;p style=&#8221;text-align:center;&#8221;&gt;&lt;a target=&#8221;_blank&#8221; href=&#8221;https:\/\/2012.curitiba.wordcamp.org&#8221;&gt;&lt;img src=&#8221;https:\/\/2012.curitiba.wordcamp.org\/files\/2012\/05\/cartaz-wordcamp-final-v2-clip-250.jpg&#8221; \/&gt;&lt;\/a&gt;&lt;\/p&gt;<\/textarea><\/p>\n<p style=\"text-align: center;\">Banner 940x198px<\/p>\n<p style=\"text-align: center;\"><a href=\"https:\/\/2012.curitiba.wordcamp.org\/files\/2012\/05\/cartaz-wordcamp-final-v2-clip-9403.jpg\"><img decoding=\"async\" class=\"alignnone size-full wp-image-105\" title=\"cartaz-wordcamp-final-v2-clip-9403.jpg\" src=\"https:\/\/2012.curitiba.wordcamp.org\/files\/2012\/05\/cartaz-wordcamp-final-v2-clip-9403.jpg\" alt=\"\" width=\"100%\" srcset=\"https:\/\/curitiba.wordcamp.org\/2012\/files\/2012\/05\/cartaz-wordcamp-final-v2-clip-9403.jpg 940w, https:\/\/curitiba.wordcamp.org\/2012\/files\/2012\/05\/cartaz-wordcamp-final-v2-clip-9403-300x63.jpg 300w\" sizes=\"(max-width: 940px) 100vw, 940px\" \/><\/a><\/p>\n<p style=\"text-align: center;\">Cabe\u00e7alho do Facebook 849x313px<\/p>\n<p style=\"text-align: center;\"><a href=\"https:\/\/2012.curitiba.wordcamp.org\/files\/2012\/05\/facebook-header-849x313.jpg\"><img decoding=\"async\" class=\"alignnone size-full wp-image-132\" title=\"facebook-header-849x313\" src=\"https:\/\/2012.curitiba.wordcamp.org\/files\/2012\/05\/facebook-header-849x313.jpg\" alt=\"\" width=\"100%\" srcset=\"https:\/\/curitiba.wordcamp.org\/2012\/files\/2012\/05\/facebook-header-849x313.jpg 849w, https:\/\/curitiba.wordcamp.org\/2012\/files\/2012\/05\/facebook-header-849x313-300x110.jpg 300w\" sizes=\"(max-width: 849px) 100vw, 849px\" \/><\/a><\/p>\n<p style=\"text-align: center;\">Cabe\u00e7alho Para o Tema Base do WordCamp<br \/>\n(serve tamb\u00e9m para outros temas do WordPress) 940x198px<\/p>\n<p><a href=\"https:\/\/2012.curitiba.wordcamp.org\/files\/2012\/05\/cartaz-wordcamp-final-v2-clip-9403.jpg\"><img decoding=\"async\" class=\"aligncenter\" src=\"https:\/\/2012.curitiba.wordcamp.org\/files\/2012\/05\/cartaz-wordcamp-final-v2-clip-9403.jpg\" alt=\"\" width=\"100%\" \/><\/a><\/p>\n","protected":false},"excerpt":{"rendered":"<p>Coloque uma faixinha no seu perfil do Twitter ou do Facebook! Hashtag do Twitter: #wccwb Texto Padr\u00e3o de Apresenta\u00e7\u00e3o na P\u00e1gina &#8220;Sobre o Evento&#8220; Clip 250x280px Copie o seguinte c\u00f3digo no seu site para exibir este banner: &lt;p style=&#8221;text-align:center;&#8221;&gt;&lt;a target=&#8221;_blank&#8221; &hellip; <a href=\"https:\/\/curitiba.wordcamp.org\/2012\/materiais-de-imprensa\/\">Continuar a ler <span class=\"screen-reader-text\">Materiais de Imprensa<\/span>  <span class=\"meta-nav\">&rarr;<\/span><\/a><\/p>\n","protected":false},"author":7285786,"featured_media":0,"parent":0,"menu_order":0,"comment_status":"closed","ping_status":"closed","template":"","meta":{"_crdt_document":"","jetpack_post_was_ever_published":false,"footnotes":""},"class_list":["post-128","page","type-page","status-publish","hentry"],"jetpack_shortlink":"https:\/\/wp.me\/P22EFv-24","jetpack_sharing_enabled":true,"_links":{"self":[{"href":"https:\/\/curitiba.wordcamp.org\/2012\/wp-json\/wp\/v2\/pages\/128","targetHints":{"allow":["GET"]}}],"collection":[{"href":"https:\/\/curitiba.wordcamp.org\/2012\/wp-json\/wp\/v2\/pages"}],"about":[{"href":"https:\/\/curitiba.wordcamp.org\/2012\/wp-json\/wp\/v2\/types\/page"}],"author":[{"embeddable":true,"href":"https:\/\/curitiba.wordcamp.org\/2012\/wp-json\/wp\/v2\/users\/7285786"}],"replies":[{"embeddable":true,"href":"https:\/\/curitiba.wordcamp.org\/2012\/wp-json\/wp\/v2\/comments?post=128"}],"version-history":[{"count":17,"href":"https:\/\/curitiba.wordcamp.org\/2012\/wp-json\/wp\/v2\/pages\/128\/revisions"}],"predecessor-version":[{"id":130,"href":"https:\/\/curitiba.wordcamp.org\/2012\/wp-json\/wp\/v2\/pages\/128\/revisions\/130"}],"wp:attachment":[{"href":"https:\/\/curitiba.wordcamp.org\/2012\/wp-json\/wp\/v2\/media?parent=128"}],"curies":[{"name":"wp","href":"https:\/\/api.w.org\/{rel}","templated":true}]}}