{"id":281,"date":"2012-06-02T21:01:17","date_gmt":"2012-06-03T00:01:17","guid":{"rendered":"https:\/\/2012.curitiba.wordcamp.org\/?page_id=281"},"modified":"2012-11-08T09:22:29","modified_gmt":"2012-11-08T12:22:29","slug":"palestras","status":"publish","type":"page","link":"https:\/\/curitiba.wordcamp.org\/2012\/palestras\/","title":{"rendered":"Palestras"},"content":{"rendered":"\n\t\t<div class=\"cpt-loop sessions\">\n\t\t\t\n\t\t\t<div class=\"grid_6 alpha\">\n\t\t\t\t\n\t\t\t\t\t\n\t\t\t\t\t<div id=\"post-564\" class=\"session odd post-564 wcb_session type-wcb_session status-publish hentry\" >\n\t\t\t\t\t\t<h3 class=\"entry-title session-title\">\n\t\t\t\t\t\t\t<a href=\"https:\/\/curitiba.wordcamp.org\/2012\/session\/lightning-talks\/\">\n\t\t\t\t\t\t\t\tLightning Talks\t\t\t\t\t\t\t<\/a>\n\t\t\t\t\t\t<\/h3>\n\n\t\t\t\t\t\t\n\t\t\t\t\t\t<div class=\"entry-content session-description\">\n\t\t\t\t\t\t\t\t\t\t\t\t\t\t<p>As <em>lightning talks<\/em> s\u00e3o apresenta\u00e7\u00f5es curtas de 5 a 10 minutos. O tema \u00e9 livre, desde que, \u00e9 claro, dentro do universo do WordPress. Uma pessoa da organiza\u00e7\u00e3o controla o tempo e quando este se esgotar ele puxa os aplausos, independente se a apresenta\u00e7\u00e3o foi encerrada ou n\u00e3o.<\/p>\n<p>As inscri\u00e7\u00f5es ser\u00e3o feitas no pr\u00f3prio dia, em uma lousa onde os candidatos escrevem seus nomes e temas em ordem de chegada. O hor\u00e1rio dispon\u00edvel ser\u00e1 das 13h30 \u00e0s 14h do s\u00e1bado, dia 16\/06 em duas salas. A dura\u00e7\u00e3o de cada apresenta\u00e7\u00e3o ser\u00e1 definida em fun\u00e7\u00e3o do n\u00famero de candidatos, mas n\u00e3o ultrapassar\u00e1 os 10 minutos, ou seja, poderemos ter pelo menos 6 apresenta\u00e7\u00f5es.<\/p>\n<p>Se voc\u00ea quer apresentar seu plugin, tema, ou case, ou ainda qualquer solu\u00e7\u00e3o interessante em WP e perdeu a chamada de trabalhos, esta \u00e9 uma boa oportunidade para voc\u00ea!<\/p>\n\t\t\t\t\t\t<\/div>\n\t\t\t\t\t<\/div>\n\n\t\t\t\t\n\t\t\t\t\t\n\t\t\t\t\t<div id=\"post-536\" class=\"session even post-536 wcb_session type-wcb_session status-publish hentry wcb_track-desenvolvimento\" >\n\t\t\t\t\t\t<h3 class=\"entry-title session-title\">\n\t\t\t\t\t\t\t<a href=\"https:\/\/curitiba.wordcamp.org\/2012\/session\/oficina-e-plantao-de-duvidas-mutirao-de-traducao\/\">\n\t\t\t\t\t\t\t\tOficina e Plant\u00e3o de D\u00favidas: Mutir\u00e3o de Tradu\u00e7\u00e3o\t\t\t\t\t\t\t<\/a>\n\t\t\t\t\t\t<\/h3>\n\n\t\t\t\t\t\t<div class=\"entry-meta session-speakers session-meta\">Apresentado por Dionizio Bonfim Bach e C\u00e1tia Kitahara <span class=\"meta-sep meta-sep-bull\">&bull;<\/span> <a href=\"https:\/\/curitiba.wordcamp.org\/2012\/track\/desenvolvimento\/\">Desenvolvimento Track<\/a><\/div>\n\t\t\t\t\t\t<div class=\"entry-content session-description\">\n\t\t\t\t\t\t\t\t\t\t\t\t\t\t<p>A oficina se dividir\u00e1 em quatro partes:<\/p>\n<ol>\n<li>Introdu\u00e7\u00e3o \u00e0 tradu\u00e7\u00e3o do WordPress\n<ol>\n<li>O que \u00e9 gettext &#8211; explica\u00e7\u00e3o sucinta da tecnologia utilizada<\/li>\n<li>Localiza\u00e7\u00e3o &#8211; apresenta\u00e7\u00e3o das fun\u00e7\u00f5es<\/li>\n<li>Arquivos de tradu\u00e7\u00e3o &#8211; o que s\u00e3o os arquivos pot, po e mo<\/li>\n<li>Programas utilizados<\/li>\n<\/ol>\n<\/li>\n<li>Como participar da tradu\u00e7\u00e3o do WordPress\n<ol>\n<li>Requisitos<\/li>\n<li>GlotPress<\/li>\n<li>Gloss\u00e1rio da Comunidade<\/li>\n<\/ol>\n<\/li>\n<li>Mutir\u00e3o de tradu\u00e7\u00e3o<\/li>\n<li>Plant\u00e3o de d\u00favidas sobre tradu\u00e7\u00e3o de temas e plugins<\/li>\n<\/ol>\n\t\t\t\t\t\t<\/div>\n\t\t\t\t\t<\/div>\n\n\t\t\t\t\n\t\t\t\t\t\n\t\t\t\t\t<div id=\"post-457\" class=\"session odd post-457 wcb_session type-wcb_session status-publish hentry wcb_track-desenvolvimento\" >\n\t\t\t\t\t\t<h3 class=\"entry-title session-title\">\n\t\t\t\t\t\t\t<a href=\"https:\/\/curitiba.wordcamp.org\/2012\/session\/oficina-e-plantao-de-duvidas-desenvolvimento-de-temas\/\">\n\t\t\t\t\t\t\t\tOficina e Plant\u00e3o de D\u00favidas: Desenvolvimento de Temas\t\t\t\t\t\t\t<\/a>\n\t\t\t\t\t\t<\/h3>\n\n\t\t\t\t\t\t<div class=\"entry-meta session-speakers session-meta\"><a href=\"https:\/\/curitiba.wordcamp.org\/2012\/track\/desenvolvimento\/\">Desenvolvimento Track<\/a><\/div>\n\t\t\t\t\t\t<div class=\"entry-content session-description\">\n\t\t\t\t\t\t\t\t\t\t\t\t\t\t<p>O minicurso versar\u00e1 sobre os seguintes t\u00f3picos:<\/p>\n<ul>\n<li>O que \u00e9 o WordPress<\/li>\n<li>Como Instalar o WordPress<\/li>\n<li>Ambiente de Desenvolvimento<\/li>\n<li>Estrutura de Tema Para o WordPress<\/li>\n<li>\u00a0Gerenciando\u00a0Temas do WordPress<\/li>\n<li>Hierarquia de arquivos<\/li>\n<li>Tags de template<\/li>\n<li>O loop do WordPress<\/li>\n<li>Menu de Navega\u00e7\u00e3o<\/li>\n<li>P\u00e1gina de erro 404 customizada<\/li>\n<li>Trabalhando com Widgets<\/li>\n<li>wp_head e wp_footer do WordPress<\/li>\n<li>Instalando Seu Tema No WordPress<\/li>\n<li>\u00daltimas Configura\u00e7\u00f5es<\/li>\n<li>Considera\u00e7\u00f5es Finais<\/li>\n<\/ul>\n<p>O participante estar\u00e1 apto a instalar o WordPress e criar Temas<br \/>\n\u00e0 partir de um layout DHTML j\u00e1 montado. Com isto o participante poder\u00e1 pegar sites que j\u00e1 possui a estrutura DHTML montada e torn\u00e1-lo din\u00e2mico em pouco tempo, gerando assim mais produtividade e uma not\u00e1vel economia de tempo.<\/p>\n<p>&nbsp;<\/p>\n\t\t\t\t\t\t<\/div>\n\t\t\t\t\t<\/div>\n\n\t\t\t\t\n\t\t\t\t\t\n\t\t\t\t\t<div id=\"post-407\" class=\"session even post-407 wcb_session type-wcb_session status-publish hentry wcb_track-desenvolvimento\" >\n\t\t\t\t\t\t<h3 class=\"entry-title session-title\">\n\t\t\t\t\t\t\t<a href=\"https:\/\/curitiba.wordcamp.org\/2012\/session\/wpas-performance-para-grandes-volumes\/\">\n\t\t\t\t\t\t\t\tWPaS: Performance Para Grandes Volumes\t\t\t\t\t\t\t<\/a>\n\t\t\t\t\t\t<\/h3>\n\n\t\t\t\t\t\t<div class=\"entry-meta session-speakers session-meta\">Apresentado por Gustavo Bordoni <span class=\"meta-sep meta-sep-bull\">&bull;<\/span> <a href=\"https:\/\/curitiba.wordcamp.org\/2012\/track\/desenvolvimento\/\">Desenvolvimento Track<\/a><\/div>\n\t\t\t\t\t\t<div class=\"entry-content session-description\">\n\t\t\t\t\t\t\t\t\t\t\t\t\t\t<p>Visa mostrar algumas t\u00e9cnicas utilizadas para permitir que o WordPress seja escalado para grandes volumes de acessos usando a Amazon Web Services.<\/p>\n<h3>Resumo<\/h3>\n<ul>\n<li>Pr\u00e1ticas para Performance<\/li>\n<li>Configura\u00e7\u00e3o de um Servidor<\/li>\n<li>Escolha de Plugins<\/li>\n<li>Modelagem do tema<\/li>\n<li>Poss\u00edveis falhas de seguran\u00e7a<\/li>\n<li>Amazon Web Services<\/li>\n<li>Cache com Varnish<\/li>\n<li>NGINX vs Apache<\/li>\n<li>Regras de Qualidade para c\u00f3digo<\/li>\n<li>Utilizando Deploy automatizado<\/li>\n<li>Escalando o servidor<\/li>\n<\/ul>\n\t\t\t\t\t\t<\/div>\n\t\t\t\t\t<\/div>\n\n\t\t\t\t\n\t\t\t\t\t\n\t\t\t\t\t<div id=\"post-398\" class=\"session odd post-398 wcb_session type-wcb_session status-publish hentry wcb_track-cases\" >\n\t\t\t\t\t\t<h3 class=\"entry-title session-title\">\n\t\t\t\t\t\t\t<a href=\"https:\/\/curitiba.wordcamp.org\/2012\/session\/agoradelibera-experiencias-de-democracia-digital\/\">\n\t\t\t\t\t\t\t\t\u00c0goraDelibera: Experi\u00eancias de Democracia Digital\t\t\t\t\t\t\t<\/a>\n\t\t\t\t\t\t<\/h3>\n\n\t\t\t\t\t\t<div class=\"entry-meta session-speakers session-meta\">Apresentado por Jo\u00e3o Paulo Mehl <span class=\"meta-sep meta-sep-bull\">&bull;<\/span> <a href=\"https:\/\/curitiba.wordcamp.org\/2012\/track\/cases\/\">Cases Track<\/a><\/div>\n\t\t\t\t\t\t<div class=\"entry-content session-description\">\n\t\t\t\t\t\t\t\t\t\t\t\t\t\t<p>Com esta apresenta\u00e7\u00e3o o expectador pode inteirar-se de como participar de uma rede de desenvolvedores do projeto, e tamb\u00e9m conhecer o modelo de representa\u00e7\u00e3o comercial da plataforma <a href=\"http:\/\/www.agoradelibera.com.br\">\u00c0goraDelibera<\/a>.<\/p>\n<h2>Resumo<\/h2>\n<ul>\n<li>Conceito Open Inovation<\/li>\n<li>Rede de desenvolvedores<\/li>\n<li>Rede de Pesquisadores em Democracia Digital<\/li>\n<li>Processo de Delibera\u00e7\u00e3o Online<\/li>\n<li>Plataforma WordPress Multi-User<\/li>\n<\/ul>\n\t\t\t\t\t\t<\/div>\n\t\t\t\t\t<\/div>\n\n\t\t\t\t\n\t\t\t\t\t\n\t\t\t\t\t<div id=\"post-343\" class=\"session even post-343 wcb_session type-wcb_session status-publish hentry wcb_track-desenvolvimento\" >\n\t\t\t\t\t\t<h3 class=\"entry-title session-title\">\n\t\t\t\t\t\t\t<a href=\"https:\/\/curitiba.wordcamp.org\/2012\/session\/ferramentas-livres-para-desenvolvimento-wordpress\/\">\n\t\t\t\t\t\t\t\tFerramentas livres para desenvolvimento WordPress\t\t\t\t\t\t\t<\/a>\n\t\t\t\t\t\t<\/h3>\n\n\t\t\t\t\t\t<div class=\"entry-meta session-speakers session-meta\">Apresentado por Daniel Kossmann <span class=\"meta-sep meta-sep-bull\">&bull;<\/span> <a href=\"https:\/\/curitiba.wordcamp.org\/2012\/track\/desenvolvimento\/\">Desenvolvimento Track<\/a><\/div>\n\t\t\t\t\t\t<div class=\"entry-content session-description\">\n\t\t\t\t\t\t\t\t\t\t\t\t\t\t<p>Conhe\u00e7a algumas ferramentas e repos\u00edt\u00f3rios livres para utilizar no desenvolvimento com o WordPress, al\u00e9m de poder trocar experi\u00eancias durante a palestra com os outros participantes a respeito de quais ferramentas livres j\u00e1 utiliza.<\/p>\n<p> <a href=\"https:\/\/curitiba.wordcamp.org\/2012\/session\/ferramentas-livres-para-desenvolvimento-wordpress\/#more-343\" class=\"more-link\"><span aria-label=\"Continue a ler Ferramentas livres para desenvolvimento WordPress\">(mais&hellip;)<\/span><\/a><\/p>\n\t\t\t\t\t\t<\/div>\n\t\t\t\t\t<\/div>\n\n\t\t\t\t\n\t\t\t\t\t\n\t\t\t\t\t<div id=\"post-277\" class=\"session odd post-277 wcb_session type-wcb_session status-publish hentry wcb_track-cases\" >\n\t\t\t\t\t\t<h3 class=\"entry-title session-title\">\n\t\t\t\t\t\t\t<a href=\"https:\/\/curitiba.wordcamp.org\/2012\/session\/analise-e-estudo-de-caso-de-implantacao-do-wordpress-na-ufpr\/\">\n\t\t\t\t\t\t\t\tAn\u00e1lise e Estudo de Caso de Implanta\u00e7\u00e3o do WordPress na UFPR\t\t\t\t\t\t\t<\/a>\n\t\t\t\t\t\t<\/h3>\n\n\t\t\t\t\t\t<div class=\"entry-meta session-speakers session-meta\">Apresentado por Mauro Hiroto Suzuki <span class=\"meta-sep meta-sep-bull\">&bull;<\/span> <a href=\"https:\/\/curitiba.wordcamp.org\/2012\/track\/cases\/\">Cases Track<\/a><\/div>\n\t\t\t\t\t\t<div class=\"entry-content session-description\">\n\t\t\t\t\t\t\t\t\t\t\t\t\t\t<p>Solu\u00e7\u00f5es de baixa, m\u00e9dia e alta complexidade atrav\u00e9s do CMS WordPress<\/p>\n<p> <a href=\"https:\/\/curitiba.wordcamp.org\/2012\/session\/analise-e-estudo-de-caso-de-implantacao-do-wordpress-na-ufpr\/#more-277\" class=\"more-link\"><span aria-label=\"Continue a ler An\u00e1lise e Estudo de Caso de Implanta\u00e7\u00e3o do WordPress na UFPR\">(mais&hellip;)<\/span><\/a><\/p>\n\t\t\t\t\t\t<\/div>\n\t\t\t\t\t<\/div>\n\n\t\t\t\t\n\t\t\t\t\t\n\t\t\t\t\t<div id=\"post-273\" class=\"session even post-273 wcb_session type-wcb_session status-publish hentry wcb_track-cases\" >\n\t\t\t\t\t\t<h3 class=\"entry-title session-title\">\n\t\t\t\t\t\t\t<a href=\"https:\/\/curitiba.wordcamp.org\/2012\/session\/estudo-de-caso-do-site-da-bicicletada-curitiba\/\">\n\t\t\t\t\t\t\t\tEstudo de Caso do site da Bicicletada Curitiba\t\t\t\t\t\t\t<\/a>\n\t\t\t\t\t\t<\/h3>\n\n\t\t\t\t\t\t<div class=\"entry-meta session-speakers session-meta\">Apresentado por Fabianne Balvedi <span class=\"meta-sep meta-sep-bull\">&bull;<\/span> <a href=\"https:\/\/curitiba.wordcamp.org\/2012\/track\/cases\/\">Cases Track<\/a><\/div>\n\t\t\t\t\t\t<div class=\"entry-content session-description\">\n\t\t\t\t\t\t\t\t\t\t\t\t\t\t<p>O participante que assistir a esta palestra ter\u00e1 uma ampla vis\u00e3o do tipo de metodologia de projetos para a web mais utilizada atualmente, que \u00e9 a centrada no usu\u00e1rio. Atrav\u00e9s da apresenta\u00e7\u00e3o dos resultados das pesquisas e das propostas conseguir\u00e1 entender a import\u00e2ncia de cada etapa na obten\u00e7\u00e3o de resultados satisfat\u00f3rios em uma plataforma adequada \u00e0s necessidades de quem a utilizar\u00e1. Tamb\u00e9m poder\u00e1 contribuir para a escolha da nova interface da plataforma, a ser implementada com base nestes estudos. <a href=\"https:\/\/curitiba.wordcamp.org\/2012\/session\/estudo-de-caso-do-site-da-bicicletada-curitiba\/#more-273\" class=\"more-link\"><span aria-label=\"Continue a ler Estudo de Caso do site da Bicicletada Curitiba\">(mais&hellip;)<\/span><\/a><\/p>\n\t\t\t\t\t\t<\/div>\n\t\t\t\t\t<\/div>\n\n\t\t\t\t\n\t\t\t\t\t<\/div><div class=\"grid_6 omega\">\n\t\t\t\t\t<div id=\"post-270\" class=\"session odd post-270 wcb_session type-wcb_session status-publish hentry wcb_track-desenvolvimento\" >\n\t\t\t\t\t\t<h3 class=\"entry-title session-title\">\n\t\t\t\t\t\t\t<a href=\"https:\/\/curitiba.wordcamp.org\/2012\/session\/por-um-wordpress-mais-seguro\/\">\n\t\t\t\t\t\t\t\tPor um WordPress mais seguro\t\t\t\t\t\t\t<\/a>\n\t\t\t\t\t\t<\/h3>\n\n\t\t\t\t\t\t<div class=\"entry-meta session-speakers session-meta\">Apresentado por Fl\u00e1vio Augusto da Silveira <span class=\"meta-sep meta-sep-bull\">&bull;<\/span> <a href=\"https:\/\/curitiba.wordcamp.org\/2012\/track\/desenvolvimento\/\">Desenvolvimento Track<\/a><\/div>\n\t\t\t\t\t\t<div class=\"entry-content session-description\">\n\t\t\t\t\t\t\t\t\t\t\t\t\t\t<p>Conhe\u00e7a as vulnerabilidades de seu WordPress e de seu ambiente de desenvolvimento e mude algumas atitudes e configura\u00e7\u00f5es para estar mais seguro.<\/p>\n<p> <a href=\"https:\/\/curitiba.wordcamp.org\/2012\/session\/por-um-wordpress-mais-seguro\/#more-270\" class=\"more-link\"><span aria-label=\"Continue a ler Por um WordPress mais seguro\">(mais&hellip;)<\/span><\/a><\/p>\n\t\t\t\t\t\t<\/div>\n\t\t\t\t\t<\/div>\n\n\t\t\t\t\n\t\t\t\t\t\n\t\t\t\t\t<div id=\"post-266\" class=\"session even post-266 wcb_session type-wcb_session status-publish hentry wcb_track-conteudo\" >\n\t\t\t\t\t\t<h3 class=\"entry-title session-title\">\n\t\t\t\t\t\t\t<a href=\"https:\/\/curitiba.wordcamp.org\/2012\/session\/odeio-pinguim-uma-relacao-de-amor-e-odio-com-o-google\/\">\n\t\t\t\t\t\t\t\tOdeio Pinguim; Uma rela\u00e7\u00e3o de amor e \u00f3dio com o Google\t\t\t\t\t\t\t<\/a>\n\t\t\t\t\t\t<\/h3>\n\n\t\t\t\t\t\t<div class=\"entry-meta session-speakers session-meta\">Apresentado por Frank Alcantara <span class=\"meta-sep meta-sep-bull\">&bull;<\/span> <a href=\"https:\/\/curitiba.wordcamp.org\/2012\/track\/conteudo\/\">Conte\u00fado Track<\/a><\/div>\n\t\t\t\t\t\t<div class=\"entry-content session-description\">\n\t\t\t\t\t\t\t\t\t\t\t\t\t\t<p>Otimize o conte\u00fado de seu blog para melhorar o rank no Google.<\/p>\n<p> <a href=\"https:\/\/curitiba.wordcamp.org\/2012\/session\/odeio-pinguim-uma-relacao-de-amor-e-odio-com-o-google\/#more-266\" class=\"more-link\"><span aria-label=\"Continue a ler Odeio Pinguim; Uma rela\u00e7\u00e3o de amor e \u00f3dio com o Google\">(mais&hellip;)<\/span><\/a><\/p>\n\t\t\t\t\t\t<\/div>\n\t\t\t\t\t<\/div>\n\n\t\t\t\t\n\t\t\t\t\t\n\t\t\t\t\t<div id=\"post-261\" class=\"session odd post-261 wcb_session type-wcb_session status-publish hentry wcb_track-cases\" >\n\t\t\t\t\t\t<h3 class=\"entry-title session-title\">\n\t\t\t\t\t\t\t<a href=\"https:\/\/curitiba.wordcamp.org\/2012\/session\/apresentacao-do-case-sosaqui-com\/\">\n\t\t\t\t\t\t\t\tApresenta\u00e7\u00e3o do Case SOSaqui.com\t\t\t\t\t\t\t<\/a>\n\t\t\t\t\t\t<\/h3>\n\n\t\t\t\t\t\t<div class=\"entry-meta session-speakers session-meta\">Apresentado por Jose Geraldo Magalhaes <span class=\"meta-sep meta-sep-bull\">&bull;<\/span> <a href=\"https:\/\/curitiba.wordcamp.org\/2012\/track\/cases\/\">Cases Track<\/a><\/div>\n\t\t\t\t\t\t<div class=\"entry-content session-description\">\n\t\t\t\t\t\t\t\t\t\t\t\t\t\t<p>Apresenta\u00e7\u00e3o do case do site <a href=\"http:\/\/sosaqui.com\">sosaqui.com<\/a>, uma rede para profissionais em reforma e constru\u00e7\u00e3o, totalmente desenvolvido em WordPress + BuddyPress. O site foi lan\u00e7ado em Setembro de 2011.<\/p>\n<p> <a href=\"https:\/\/curitiba.wordcamp.org\/2012\/session\/apresentacao-do-case-sosaqui-com\/#more-261\" class=\"more-link\"><span aria-label=\"Continue a ler Apresenta\u00e7\u00e3o do Case SOSaqui.com\">(mais&hellip;)<\/span><\/a><\/p>\n\t\t\t\t\t\t<\/div>\n\t\t\t\t\t<\/div>\n\n\t\t\t\t\n\t\t\t\t\t\n\t\t\t\t\t<div id=\"post-256\" class=\"session even post-256 wcb_session type-wcb_session status-publish hentry wcb_track-desenvolvimento\" >\n\t\t\t\t\t\t<h3 class=\"entry-title session-title\">\n\t\t\t\t\t\t\t<a href=\"https:\/\/curitiba.wordcamp.org\/2012\/session\/e-commerce-no-wordpress-aprenda-como-fazer\/\">\n\t\t\t\t\t\t\t\tE-commerce no WordPress, aprenda como fazer!\t\t\t\t\t\t\t<\/a>\n\t\t\t\t\t\t<\/h3>\n\n\t\t\t\t\t\t<div class=\"entry-meta session-speakers session-meta\">Apresentado por Rafael de Menezes Ehlers <span class=\"meta-sep meta-sep-bull\">&bull;<\/span> <a href=\"https:\/\/curitiba.wordcamp.org\/2012\/track\/desenvolvimento\/\">Desenvolvimento Track<\/a><\/div>\n\t\t\t\t\t\t<div class=\"entry-content session-description\">\n\t\t\t\t\t\t\t\t\t\t\t\t\t\t<p>Aprenda os conceitos b\u00e1sicos de e-commerce: as diferen\u00e7as entre intermediadores de pagamento e gateways, bem como os pr\u00f3s e contras de cada um; as solu\u00e7\u00f5es existentes para WordPress; cria\u00e7\u00e3o e estrutura de um tema b\u00e1sico para lojas virtuais; cria\u00e7\u00e3o de um plugin para gerenciar o carrinho de compras; os conceitos e as diferen\u00e7as nas APIs do PagSeguro e do PayPal e cria\u00e7\u00e3o de um plugin para gerenciar os pedidos diretamente no admin do WordPress. Conhe\u00e7a tamb\u00e9m outros plugins existentes que auxiliar\u00e3o a personalizar e incrementar a loja virtual\/site.<\/p>\n<p> <a href=\"https:\/\/curitiba.wordcamp.org\/2012\/session\/e-commerce-no-wordpress-aprenda-como-fazer\/#more-256\" class=\"more-link\"><span aria-label=\"Continue a ler E-commerce no WordPress, aprenda como fazer!\">(mais&hellip;)<\/span><\/a><\/p>\n\t\t\t\t\t\t<\/div>\n\t\t\t\t\t<\/div>\n\n\t\t\t\t\n\t\t\t\t\t\n\t\t\t\t\t<div id=\"post-253\" class=\"session odd post-253 wcb_session type-wcb_session status-publish hentry wcb_track-conteudo\" >\n\t\t\t\t\t\t<h3 class=\"entry-title session-title\">\n\t\t\t\t\t\t\t<a href=\"https:\/\/curitiba.wordcamp.org\/2012\/session\/um-blog-feito-por-advogado\/\">\n\t\t\t\t\t\t\t\tUm Blog feito por advogado\t\t\t\t\t\t\t<\/a>\n\t\t\t\t\t\t<\/h3>\n\n\t\t\t\t\t\t<div class=\"entry-meta session-speakers session-meta\">Apresentado por Tarso Cabral Violin <span class=\"meta-sep meta-sep-bull\">&bull;<\/span> <a href=\"https:\/\/curitiba.wordcamp.org\/2012\/track\/conteudo\/\">Conte\u00fado Track<\/a><\/div>\n\t\t\t\t\t\t<div class=\"entry-content session-description\">\n\t\t\t\t\t\t\t\t\t\t\t\t\t\t<p>Dicas para quem quer escrever sobre pol\u00edtica e Direito, mesmo n\u00e3o sendo jornalista e para os iniciantes.<\/p>\n<p> <a href=\"https:\/\/curitiba.wordcamp.org\/2012\/session\/um-blog-feito-por-advogado\/#more-253\" class=\"more-link\"><span aria-label=\"Continue a ler Um Blog feito por advogado\">(mais&hellip;)<\/span><\/a><\/p>\n\t\t\t\t\t\t<\/div>\n\t\t\t\t\t<\/div>\n\n\t\t\t\t\n\t\t\t\t\t\n\t\t\t\t\t<div id=\"post-251\" class=\"session even post-251 wcb_session type-wcb_session status-publish hentry wcb_track-desenvolvimento\" >\n\t\t\t\t\t\t<h3 class=\"entry-title session-title\">\n\t\t\t\t\t\t\t<a href=\"https:\/\/curitiba.wordcamp.org\/2012\/session\/wordpress-total\/\">\n\t\t\t\t\t\t\t\tWordPress Total*\t\t\t\t\t\t\t<\/a>\n\t\t\t\t\t\t<\/h3>\n\n\t\t\t\t\t\t<div class=\"entry-meta session-speakers session-meta\">Apresentado por Felipe Coelho Kussik <span class=\"meta-sep meta-sep-bull\">&bull;<\/span> <a href=\"https:\/\/curitiba.wordcamp.org\/2012\/track\/desenvolvimento\/\">Desenvolvimento Track<\/a><\/div>\n\t\t\t\t\t\t<div class=\"entry-content session-description\">\n\t\t\t\t\t\t\t\t\t\t\t\t\t\t<p>Como fazer as coisas do melhor jeito poss\u00edvel!<\/p>\n<p> <a href=\"https:\/\/curitiba.wordcamp.org\/2012\/session\/wordpress-total\/#more-251\" class=\"more-link\"><span aria-label=\"Continue a ler WordPress Total*\">(mais&hellip;)<\/span><\/a><\/p>\n\t\t\t\t\t\t<\/div>\n\t\t\t\t\t<\/div>\n\n\t\t\t\t\n\t\t\t\t\t\n\t\t\t\t\t<div id=\"post-249\" class=\"session odd post-249 wcb_session type-wcb_session status-publish hentry wcb_track-desenvolvimento\" >\n\t\t\t\t\t\t<h3 class=\"entry-title session-title\">\n\t\t\t\t\t\t\t<a href=\"https:\/\/curitiba.wordcamp.org\/2012\/session\/urls-e-permissoes-personalizadas-ou-como-restringir-a-edicao-de-posts-por-netos-de-holandeses-apos-o-meio-dia\/\">\n\t\t\t\t\t\t\t\tURLs e Permiss\u00f5es personalizadas ou como restringir a edi\u00e7\u00e3o de posts por netos de holandeses ap\u00f3s o meio-dia\t\t\t\t\t\t\t<\/a>\n\t\t\t\t\t\t<\/h3>\n\n\t\t\t\t\t\t<div class=\"entry-meta session-speakers session-meta\">Apresentado por Leo Germani <span class=\"meta-sep meta-sep-bull\">&bull;<\/span> <a href=\"https:\/\/curitiba.wordcamp.org\/2012\/track\/desenvolvimento\/\">Desenvolvimento Track<\/a><\/div>\n\t\t\t\t\t\t<div class=\"entry-content session-description\">\n\t\t\t\t\t\t\t\t\t\t\t\t\t\t<p>O participante saber\u00e1 criar URLs personalizadas para seu site, dominar\u00e1 a fundo a cria\u00e7\u00e3o e checagem de <em>capabilities<\/em> e ainda conhecer\u00e1 uma boa maneira de lidar com o problema que enfrentamos com as URLs absolutas quando migramos um site de dom\u00ednio.<\/p>\n<p> <a href=\"https:\/\/curitiba.wordcamp.org\/2012\/session\/urls-e-permissoes-personalizadas-ou-como-restringir-a-edicao-de-posts-por-netos-de-holandeses-apos-o-meio-dia\/#more-249\" class=\"more-link\"><span aria-label=\"Continue a ler URLs e Permiss\u00f5es personalizadas ou como restringir a edi\u00e7\u00e3o de posts por netos de holandeses ap\u00f3s o meio-dia\">(mais&hellip;)<\/span><\/a><\/p>\n\t\t\t\t\t\t<\/div>\n\t\t\t\t\t<\/div>\n\n\t\t\t\t\n\t\t\t\t\t\n\t\t\t\t\t<div id=\"post-243\" class=\"session even post-243 wcb_session type-wcb_session status-publish hentry wcb_track-desenvolvimento\" >\n\t\t\t\t\t\t<h3 class=\"entry-title session-title\">\n\t\t\t\t\t\t\t<a href=\"https:\/\/curitiba.wordcamp.org\/2012\/session\/grandes-migracoes-passando-de-qualquer-plataforma-para-o-wordpress-e-buddypress\/\">\n\t\t\t\t\t\t\t\tGrandes Migra\u00e7\u00f5es: Passando De Qualquer Plataforma Para o WordPress e BuddyPress\t\t\t\t\t\t\t<\/a>\n\t\t\t\t\t\t<\/h3>\n\n\t\t\t\t\t\t<div class=\"entry-meta session-speakers session-meta\">Apresentado por Vinicius Massuchetto <span class=\"meta-sep meta-sep-bull\">&bull;<\/span> <a href=\"https:\/\/curitiba.wordcamp.org\/2012\/track\/desenvolvimento\/\">Desenvolvimento Track<\/a><\/div>\n\t\t\t\t\t\t<div class=\"entry-content session-description\">\n\t\t\t\t\t\t\t\t\t\t\t\t\t\t<p>A preocupa\u00e7\u00e3o com a manuten\u00e7\u00e3o dos dados est\u00e1 sempre presente em qualquer projeto de elabora\u00e7\u00e3o de grandes portais, e necessita de maior aten\u00e7\u00e3o e qualidade do que simplesmente substituir as entradas de URL em dumps SQL. Esta palestra procura explorar algumas estrat\u00e9gias de migra\u00e7\u00e3o de grandes quantidades de conte\u00fado para o WordPress utilizando as suas ferramentas internas de acordo com as diferentes circunst\u00e2ncias.<\/p>\n<p> <a href=\"https:\/\/curitiba.wordcamp.org\/2012\/session\/grandes-migracoes-passando-de-qualquer-plataforma-para-o-wordpress-e-buddypress\/#more-243\" class=\"more-link\"><span aria-label=\"Continue a ler Grandes Migra\u00e7\u00f5es: Passando De Qualquer Plataforma Para o WordPress e BuddyPress\">(mais&hellip;)<\/span><\/a><\/p>\n\t\t\t\t\t\t<\/div>\n\t\t\t\t\t<\/div>\n\n\t\t\t\t\t\t\t<\/div>\n\t\t<\/div>\n\n\t\t\n","protected":false},"excerpt":{"rendered":"","protected":false},"author":397920,"featured_media":0,"parent":0,"menu_order":0,"comment_status":"open","ping_status":"open","template":"template-full-width.php","meta":{"_crdt_document":"","jetpack_post_was_ever_published":false,"footnotes":""},"class_list":["post-281","page","type-page","status-publish","hentry"],"jetpack_shortlink":"https:\/\/wp.me\/P22EFv-4x","jetpack_sharing_enabled":true,"_links":{"self":[{"href":"https:\/\/curitiba.wordcamp.org\/2012\/wp-json\/wp\/v2\/pages\/281","targetHints":{"allow":["GET"]}}],"collection":[{"href":"https:\/\/curitiba.wordcamp.org\/2012\/wp-json\/wp\/v2\/pages"}],"about":[{"href":"https:\/\/curitiba.wordcamp.org\/2012\/wp-json\/wp\/v2\/types\/page"}],"author":[{"embeddable":true,"href":"https:\/\/curitiba.wordcamp.org\/2012\/wp-json\/wp\/v2\/users\/397920"}],"replies":[{"embeddable":true,"href":"https:\/\/curitiba.wordcamp.org\/2012\/wp-json\/wp\/v2\/comments?post=281"}],"version-history":[{"count":2,"href":"https:\/\/curitiba.wordcamp.org\/2012\/wp-json\/wp\/v2\/pages\/281\/revisions"}],"predecessor-version":[{"id":755,"href":"https:\/\/curitiba.wordcamp.org\/2012\/wp-json\/wp\/v2\/pages\/281\/revisions\/755"}],"wp:attachment":[{"href":"https:\/\/curitiba.wordcamp.org\/2012\/wp-json\/wp\/v2\/media?parent=281"}],"curies":[{"name":"wp","href":"https:\/\/api.w.org\/{rel}","templated":true}]}}